{"id":23836,"date":"2019-07-11T14:32:10","date_gmt":"2019-07-11T12:32:10","guid":{"rendered":"https:\/\/www.pb-franja.si\/spoznajte-franjo\/delali-so-v-franji\/iskalnik-osebja\/"},"modified":"2019-12-05T13:15:36","modified_gmt":"2019-12-05T12:15:36","slug":"finder-der-personal","status":"publish","type":"page","link":"https:\/\/www.pb-franja.si\/de\/treffen-sie-franja\/sie-airbeiteten-in-franja\/finder-der-personal\/","title":{"rendered":"Finder der Personal"},"content":{"rendered":"\n<style type=\"text\/css\" data-created_by=\"avia_inline_auto\" id=\"style-css-av-1hrxcgq-d5c51b3828762a22d4887766a1dc8466\">\n.avia-section.av-1hrxcgq-d5c51b3828762a22d4887766a1dc8466{\nbackground-repeat:no-repeat;\nbackground-image:url(https:\/\/www.pb-franja.si\/wp-content\/uploads\/2019\/08\/Spoznajte_franjo_hero.png);\nbackground-position:0% 0%;\nbackground-attachment:scroll;\n}\n<\/style>\n<div id='av_section_1'  class='avia-section av-1hrxcgq-d5c51b3828762a22d4887766a1dc8466 main_color avia-section-default avia-no-border-styling  avia-builder-el-0  el_before_av_section  avia-builder-el-first  header header-hero header-top-menu-padding avia-bg-style-scroll container_wrap fullsize'  data-section-bg-repeat='no-repeat'><div class='container av-section-cont-open' ><main  role=\"main\" itemprop=\"mainContentOfPage\"  class='template-page content  av-content-full alpha units'><div class='post-entry post-entry-type-page post-entry-23836'><div class='entry-content-wrapper clearfix'>\n\n<style type=\"text\/css\" data-created_by=\"avia_inline_auto\" id=\"style-css-av-1acuahm-ddd1cbfcfa34518831bb87ad09bb25fd\">\n.flex_column.av-1acuahm-ddd1cbfcfa34518831bb87ad09bb25fd{\nborder-radius:0px 0px 0px 0px;\npadding:0px 0px 0px 0px;\n}\n<\/style>\n<div  class='flex_column av-1acuahm-ddd1cbfcfa34518831bb87ad09bb25fd av_two_fifth  avia-builder-el-1  el_before_av_three_fifth  avia-builder-el-first  first flex_column_div av-zero-column-padding  '     ><section  class='av_textblock_section av-jyfufgei-72b29b88189468a7dfc6b21e02831e7b '   itemscope=\"itemscope\" itemtype=\"https:\/\/schema.org\/CreativeWork\" ><div class='avia_textblock'  itemprop=\"text\" ><h1><b>Sie Arbeiteten in Franja<\/b><\/h1>\n<h1><\/h1>\n<\/div><\/section><br \/>\n<section  class='av_textblock_section av-jyfufrpx-86b49072bb86bae45084791b6d84c2b5 '   itemscope=\"itemscope\" itemtype=\"https:\/\/schema.org\/CreativeWork\" ><div class='avia_textblock'  itemprop=\"text\" ><p>In allen Abteilungen des Krankenhauses arbeiteten insgesamt \u00fcber einhundertf\u00fcnfzig Menschen. Manche wurden zur Arbeit in den Abteilungen des Krankenhauses aus anderen Partisaneneinheiten gesandt, viele jedoch kamen ins Krankenhaus als Kranken oder Verwundeten und blieben nach der Heilung als Mitglieder des Personals. Vor dem Krieg \u00fcbten diese Menschen verschiedene Berufe aus. Die meisten davon waren Fabrikarbeiter, Bauern und Handwerker, es gab aber auch einige Sch\u00fcler und Beamten. Notwendigerweise wurden sie zu Sanit\u00e4tern, Erbauern, \u00d6konomen und sie f\u00fchrten die Arbeiten aus, die eben erforderlich waren.<\/p>\n<\/div><\/section><\/p><\/div>\n<style type=\"text\/css\" data-created_by=\"avia_inline_auto\" id=\"style-css-av-tbwj7e-ca179859cf44645c929a15c439b0afac\">\n.flex_column.av-tbwj7e-ca179859cf44645c929a15c439b0afac{\nborder-radius:0px 0px 0px 0px;\npadding:0px 0px 0px 0px;\n}\n<\/style>\n<div  class='flex_column av-tbwj7e-ca179859cf44645c929a15c439b0afac av_three_fifth  avia-builder-el-4  el_after_av_two_fifth  avia-builder-el-last  flex_column_div av-zero-column-padding  '     ><style type=\"text\/css\" data-created_by=\"avia_inline_auto\" id=\"style-css-av-jyfuhknf-52408580852ac9a3633c4a1218d4a4ec\">\n.avia-image-container.av-jyfuhknf-52408580852ac9a3633c4a1218d4a4ec img.avia_image{\nbox-shadow:none;\n}\n.avia-image-container.av-jyfuhknf-52408580852ac9a3633c4a1218d4a4ec .av-image-caption-overlay-center{\ncolor:#ffffff;\n}\n<\/style>\n<div  class='avia-image-container av-jyfuhknf-52408580852ac9a3633c4a1218d4a4ec av-styling- avia-align-center  avia-builder-el-5  avia-builder-el-no-sibling '   itemprop=\"image\" itemscope=\"itemscope\" itemtype=\"https:\/\/schema.org\/ImageObject\" ><div class=\"avia-image-container-inner\"><div class=\"avia-image-overlay-wrap\"><img fetchpriority=\"high\" class='wp-image-23882 avia-img-lazy-loading-not-23882 avia_image ' src='https:\/\/www.pb-franja.si\/wp-content\/uploads\/2019\/05\/5_5604_E-34-Kopalnica_in_baraka_za_osebje-strehe_so_pokrite_z_vejami_zaradi_konspiracije-1.jpg' alt='' title='5_5604,_E-34-Kopalnica_in_baraka_za_osebje-strehe_so_pokrite_z_vejami_zaradi_konspiracije (1)'  height=\"622\" width=\"622\"  itemprop=\"thumbnailUrl\"  \/><\/div><\/div><\/div><\/div><\/div><\/div><\/main><!-- close content main element --><\/div><\/div><div id='av_section_2'  class='avia-section av-280uenu-5c6bec842a5498c96f10d27188f35843 main_color avia-section-default avia-no-border-styling  avia-builder-el-6  el_after_av_section  avia-builder-el-last  avia-bg-style-scroll container_wrap fullsize'  ><div class='container av-section-cont-open' ><div class='template-page content  av-content-full alpha units'><div class='post-entry post-entry-type-page post-entry-23836'><div class='entry-content-wrapper clearfix'>\n\n<style type=\"text\/css\" data-created_by=\"avia_inline_auto\" id=\"style-css-av-1r303q2-624990300b78684627325b48c7818edd\">\n.flex_column.av-1r303q2-624990300b78684627325b48c7818edd{\nborder-radius:0px 0px 0px 0px;\npadding:0px 0px 0px 0px;\n}\n<\/style>\n<div  class='flex_column av-1r303q2-624990300b78684627325b48c7818edd av_three_fifth  avia-builder-el-7  el_before_av_two_fifth  avia-builder-el-first  zgodbe_vsebina_div first flex_column_div av-zero-column-padding  '     ><section  class='av_textblock_section av-jygtr0ez-e154dcbef89219e89d60a5ecca8051e8 '   itemscope=\"itemscope\" itemtype=\"https:\/\/schema.org\/CreativeWork\" ><div class='avia_textblock'  itemprop=\"text\" ><div id=\"poskrolajDoSem\" class=\"ow_tabs_wrap ow_tabs_post_archive\" style=\"margin-top:40px\"><a class=\"ow_tab_link\" href=\"https:\/\/www.pb-franja.si\/de\/treffen-sie-franja\/sie-airbeiteten-in-franja\/\" style=\"height:80px; \">Personalgeschichten<\/a><p class=\"ow_tab_link first active\" style=\"height:80px; \">Liste des Personals<\/p><\/div>\n<\/div><\/section><\/div>\n<style type=\"text\/css\" data-created_by=\"avia_inline_auto\" id=\"style-css-av-u75sgq-cd1ec90345f28f19d95bb137b29f0cb2\">\n.flex_column.av-u75sgq-cd1ec90345f28f19d95bb137b29f0cb2{\nborder-radius:0px 0px 0px 0px;\npadding:0px 0px 0px 0px;\n}\n<\/style>\n<div  class='flex_column av-u75sgq-cd1ec90345f28f19d95bb137b29f0cb2 av_two_fifth  avia-builder-el-9  el_after_av_three_fifth  el_before_av_three_fifth  flex_column_div av-zero-column-padding  '     ><\/div>\n<style type=\"text\/css\" data-created_by=\"avia_inline_auto\" id=\"style-css-av-1r303q2-624990300b78684627325b48c7818edd\">\n.flex_column.av-1r303q2-624990300b78684627325b48c7818edd{\nborder-radius:0px 0px 0px 0px;\npadding:0px 0px 0px 0px;\n}\n<\/style>\n<div  class='flex_column av-1r303q2-624990300b78684627325b48c7818edd av_three_fifth  avia-builder-el-10  el_after_av_two_fifth  el_before_av_two_fifth  zgodbe_vsebina_div first flex_column_div av-zero-column-padding  '     ><section  class='av_textblock_section av-18d1exm-b52bb2770dcbad55000ba5d4b7d88f9f '   itemscope=\"itemscope\" itemtype=\"https:\/\/schema.org\/CreativeWork\" ><div class='avia_textblock'  itemprop=\"text\" ><div id=\"kne\"><\/div><div><div class=\"zgodbe_vsebina_div\"><p class=\"zgodbe_naslov\">Lesen Sie die Geschichten des Personals<\/p><p class=\"zgodbe_besedilo\"><p id=\"tw-target-text\" class=\"tw-data-text tw-text-large tw-ta\" dir=\"ltr\" data-placeholder=\"Prevod\"><span lang=\"de\" tabindex=\"0\">Die Liste ist nicht vollst\u00e4ndig, Korrekturen und Erg\u00e4nzungen k\u00f6nnen gemeldet werden an: info@muzej-idrija-cerkno.si.<\/span><\/p>\n<\/p><\/div><div class=\"div_search\"><input tyle=\"text\" id=\"searchForm\" class=\"search-field test\" name=\"\" placeholder=\"Vor- oder Nachname\"\/><\/div><\/div><div id=\"pagination\"><\/div>\n\n<div class=\"ow_popup\">\n<div class=\"scroller\">\n<div class=\"closepopup\"><\/div>\n\n<div class=\"innerpopup\">\n\n<\/div>\n<\/div>\n<\/div>\n\n\n<\/div><\/section><\/div>\n<style type=\"text\/css\" data-created_by=\"avia_inline_auto\" id=\"style-css-av-lfo70a-b05b831beddd036bdc78f9de28e3a4c2\">\n.flex_column.av-lfo70a-b05b831beddd036bdc78f9de28e3a4c2{\nborder-radius:0px 0px 0px 0px;\npadding:0px 0px 0px 0px;\n}\n<\/style>\n<div  class='flex_column av-lfo70a-b05b831beddd036bdc78f9de28e3a4c2 av_two_fifth  avia-builder-el-12  el_after_av_three_fifth  avia-builder-el-last  zgodbe_sidebar_div flex_column_div av-zero-column-padding  '     ><section  class='av_textblock_section av-jxynjj01-33520936e3c3684f3d79341aba1663f6 '   itemscope=\"itemscope\" itemtype=\"https:\/\/schema.org\/CreativeWork\" ><div class='avia_textblock'  itemprop=\"text\" ><aside id=\"singlelocside\" class=\"sidebar sidebar_right  alpha units padding_top0\" role=\"complementary\" itemscope=\"itemscope\" itemtype=\"https:\/\/schema.org\/WPSideBar\"><div class=\"inner_sidebar extralight-border padding_top0\"><div class=\"sidebar-bg-dark\"><div class=\"sidebar-title light-text\">Liste der Verwundeten<\/div><div class=\"sidebar-inner-image sidebar-text-css\"><p>Die Suche ist auch nach <u><a href=\"https:\/\/www.pb-franja.si\/de\/treffen-sie-franja\/sie-wurden-in-franja-behandelt\/finder-der-verwundeten\/\">der Liste der Verwundeten<\/a><\/u>, die in Franja versorgt wurden, m\u00f6glich.<\/p>\n<\/div><\/div><\/div><\/aside>\n<\/div><\/section><\/div>\n<\/p>\n","protected":false},"excerpt":{"rendered":"","protected":false},"author":7,"featured_media":0,"parent":23832,"menu_order":0,"comment_status":"closed","ping_status":"closed","template":"","meta":{"_acf_changed":false,"footnotes":""},"class_list":["post-23836","page","type-page","status-publish","hentry"],"acf":[],"yoast_head":"<!-- This site is optimized with the Yoast SEO plugin v26.4 - https:\/\/yoast.com\/wordpress\/plugins\/seo\/ -->\n<title>Finder der Personal - Partizanska bolnica Franja<\/title>\n<meta name=\"robots\" content=\"index, follow, max-snippet:-1, max-image-preview:large, max-video-preview:-1\" \/>\n<link rel=\"canonical\" href=\"https:\/\/www.pb-franja.si\/de\/treffen-sie-franja\/sie-airbeiteten-in-franja\/finder-der-personal\/\" \/>\n<meta property=\"og:locale\" content=\"de_DE\" \/>\n<meta property=\"og:type\" content=\"article\" \/>\n<meta property=\"og:title\" content=\"Finder der Personal - Partizanska bolnica Franja\" \/>\n<meta property=\"og:url\" content=\"https:\/\/www.pb-franja.si\/de\/treffen-sie-franja\/sie-airbeiteten-in-franja\/finder-der-personal\/\" \/>\n<meta property=\"og:site_name\" content=\"Partizanska bolnica Franja\" \/>\n<meta property=\"article:modified_time\" content=\"2019-12-05T12:15:36+00:00\" \/>\n<meta name=\"twitter:card\" content=\"summary_large_image\" \/>\n<meta name=\"twitter:label1\" content=\"Gesch\u00e4tzte Lesezeit\" \/>\n\t<meta name=\"twitter:data1\" content=\"5\u00a0Minuten\" \/>\n<script type=\"application\/ld+json\" class=\"yoast-schema-graph\">{\"@context\":\"https:\/\/schema.org\",\"@graph\":[{\"@type\":\"WebPage\",\"@id\":\"https:\/\/www.pb-franja.si\/de\/treffen-sie-franja\/sie-airbeiteten-in-franja\/finder-der-personal\/\",\"url\":\"https:\/\/www.pb-franja.si\/de\/treffen-sie-franja\/sie-airbeiteten-in-franja\/finder-der-personal\/\",\"name\":\"Finder der Personal - Partizanska bolnica Franja\",\"isPartOf\":{\"@id\":\"https:\/\/www.pb-franja.si\/#website\"},\"datePublished\":\"2019-07-11T12:32:10+00:00\",\"dateModified\":\"2019-12-05T12:15:36+00:00\",\"breadcrumb\":{\"@id\":\"https:\/\/www.pb-franja.si\/de\/treffen-sie-franja\/sie-airbeiteten-in-franja\/finder-der-personal\/#breadcrumb\"},\"inLanguage\":\"de\",\"potentialAction\":[{\"@type\":\"ReadAction\",\"target\":[\"https:\/\/www.pb-franja.si\/de\/treffen-sie-franja\/sie-airbeiteten-in-franja\/finder-der-personal\/\"]}]},{\"@type\":\"BreadcrumbList\",\"@id\":\"https:\/\/www.pb-franja.si\/de\/treffen-sie-franja\/sie-airbeiteten-in-franja\/finder-der-personal\/#breadcrumb\",\"itemListElement\":[{\"@type\":\"ListItem\",\"position\":1,\"name\":\"Home\",\"item\":\"https:\/\/www.pb-franja.si\/de\/\"},{\"@type\":\"ListItem\",\"position\":2,\"name\":\"Treffen Sie Franja\",\"item\":\"https:\/\/www.pb-franja.si\/de\/treffen-sie-franja\/\"},{\"@type\":\"ListItem\",\"position\":3,\"name\":\"Sie airbeiteten in Franja\",\"item\":\"https:\/\/www.pb-franja.si\/de\/treffen-sie-franja\/sie-airbeiteten-in-franja\/\"},{\"@type\":\"ListItem\",\"position\":4,\"name\":\"Finder der Personal\"}]},{\"@type\":\"WebSite\",\"@id\":\"https:\/\/www.pb-franja.si\/#website\",\"url\":\"https:\/\/www.pb-franja.si\/\",\"name\":\"Partizanska bolnica Franja\",\"description\":\"Partizanska bolnica Franja\",\"potentialAction\":[{\"@type\":\"SearchAction\",\"target\":{\"@type\":\"EntryPoint\",\"urlTemplate\":\"https:\/\/www.pb-franja.si\/?s={search_term_string}\"},\"query-input\":{\"@type\":\"PropertyValueSpecification\",\"valueRequired\":true,\"valueName\":\"search_term_string\"}}],\"inLanguage\":\"de\"}]}<\/script>\n<!-- \/ Yoast SEO plugin. -->","yoast_head_json":{"title":"Finder der Personal - Partizanska bolnica Franja","robots":{"index":"index","follow":"follow","max-snippet":"max-snippet:-1","max-image-preview":"max-image-preview:large","max-video-preview":"max-video-preview:-1"},"canonical":"https:\/\/www.pb-franja.si\/de\/treffen-sie-franja\/sie-airbeiteten-in-franja\/finder-der-personal\/","og_locale":"de_DE","og_type":"article","og_title":"Finder der Personal - Partizanska bolnica Franja","og_url":"https:\/\/www.pb-franja.si\/de\/treffen-sie-franja\/sie-airbeiteten-in-franja\/finder-der-personal\/","og_site_name":"Partizanska bolnica Franja","article_modified_time":"2019-12-05T12:15:36+00:00","twitter_card":"summary_large_image","twitter_misc":{"Gesch\u00e4tzte Lesezeit":"5\u00a0Minuten"},"schema":{"@context":"https:\/\/schema.org","@graph":[{"@type":"WebPage","@id":"https:\/\/www.pb-franja.si\/de\/treffen-sie-franja\/sie-airbeiteten-in-franja\/finder-der-personal\/","url":"https:\/\/www.pb-franja.si\/de\/treffen-sie-franja\/sie-airbeiteten-in-franja\/finder-der-personal\/","name":"Finder der Personal - Partizanska bolnica Franja","isPartOf":{"@id":"https:\/\/www.pb-franja.si\/#website"},"datePublished":"2019-07-11T12:32:10+00:00","dateModified":"2019-12-05T12:15:36+00:00","breadcrumb":{"@id":"https:\/\/www.pb-franja.si\/de\/treffen-sie-franja\/sie-airbeiteten-in-franja\/finder-der-personal\/#breadcrumb"},"inLanguage":"de","potentialAction":[{"@type":"ReadAction","target":["https:\/\/www.pb-franja.si\/de\/treffen-sie-franja\/sie-airbeiteten-in-franja\/finder-der-personal\/"]}]},{"@type":"BreadcrumbList","@id":"https:\/\/www.pb-franja.si\/de\/treffen-sie-franja\/sie-airbeiteten-in-franja\/finder-der-personal\/#breadcrumb","itemListElement":[{"@type":"ListItem","position":1,"name":"Home","item":"https:\/\/www.pb-franja.si\/de\/"},{"@type":"ListItem","position":2,"name":"Treffen Sie Franja","item":"https:\/\/www.pb-franja.si\/de\/treffen-sie-franja\/"},{"@type":"ListItem","position":3,"name":"Sie airbeiteten in Franja","item":"https:\/\/www.pb-franja.si\/de\/treffen-sie-franja\/sie-airbeiteten-in-franja\/"},{"@type":"ListItem","position":4,"name":"Finder der Personal"}]},{"@type":"WebSite","@id":"https:\/\/www.pb-franja.si\/#website","url":"https:\/\/www.pb-franja.si\/","name":"Partizanska bolnica Franja","description":"Partizanska bolnica Franja","potentialAction":[{"@type":"SearchAction","target":{"@type":"EntryPoint","urlTemplate":"https:\/\/www.pb-franja.si\/?s={search_term_string}"},"query-input":{"@type":"PropertyValueSpecification","valueRequired":true,"valueName":"search_term_string"}}],"inLanguage":"de"}]}},"_links":{"self":[{"href":"https:\/\/www.pb-franja.si\/de\/wp-json\/wp\/v2\/pages\/23836","targetHints":{"allow":["GET"]}}],"collection":[{"href":"https:\/\/www.pb-franja.si\/de\/wp-json\/wp\/v2\/pages"}],"about":[{"href":"https:\/\/www.pb-franja.si\/de\/wp-json\/wp\/v2\/types\/page"}],"author":[{"embeddable":true,"href":"https:\/\/www.pb-franja.si\/de\/wp-json\/wp\/v2\/users\/7"}],"replies":[{"embeddable":true,"href":"https:\/\/www.pb-franja.si\/de\/wp-json\/wp\/v2\/comments?post=23836"}],"version-history":[{"count":13,"href":"https:\/\/www.pb-franja.si\/de\/wp-json\/wp\/v2\/pages\/23836\/revisions"}],"predecessor-version":[{"id":27891,"href":"https:\/\/www.pb-franja.si\/de\/wp-json\/wp\/v2\/pages\/23836\/revisions\/27891"}],"up":[{"embeddable":true,"href":"https:\/\/www.pb-franja.si\/de\/wp-json\/wp\/v2\/pages\/23832"}],"wp:attachment":[{"href":"https:\/\/www.pb-franja.si\/de\/wp-json\/wp\/v2\/media?parent=23836"}],"curies":[{"name":"wp","href":"https:\/\/api.w.org\/{rel}","templated":true}]}}