{"id":23966,"date":"2019-05-27T11:00:04","date_gmt":"2019-05-27T09:00:04","guid":{"rendered":"https:\/\/www.pb-franja.si\/obiscite-nas\/znak-evropske-dediscine\/"},"modified":"2021-08-25T14:06:10","modified_gmt":"2021-08-25T12:06:10","slug":"europaeisches-kulturerbe-siegel","status":"publish","type":"page","link":"https:\/\/www.pb-franja.si\/de\/besuchen-sie-uns\/europaeisches-kulturerbe-siegel\/","title":{"rendered":"Europ\u00e4isches Kulturerbe-Siegel"},"content":{"rendered":"\n<style type=\"text\/css\" data-created_by=\"avia_inline_auto\" id=\"style-css-av-4ri7wn-f7238b7b8a45bdc5dc5d6d675952ad80\">\n.flex_column.av-4ri7wn-f7238b7b8a45bdc5dc5d6d675952ad80{\nborder-radius:0px 0px 0px 0px;\npadding:0px 0px 0px 0px;\n}\n<\/style>\n<div  class='flex_column av-4ri7wn-f7238b7b8a45bdc5dc5d6d675952ad80 av_one_full  avia-builder-el-0  avia-builder-el-no-sibling  znak-EU first flex_column_div av-zero-column-padding  '     ><section  class='av_textblock_section av-k04zff19-5b84ececb7c62fbf28d9ff6aad8510f3 '   itemscope=\"itemscope\" itemtype=\"https:\/\/schema.org\/CreativeWork\" ><div class='avia_textblock'  itemprop=\"text\" ><h3>Franja &#8211; Tr\u00e4gerin des Europ\u00e4ischen Kulturerbe-Siegels<\/h3>\n<p>Das Europ\u00e4ische Kulturerbe-Siegel ist eine Ma\u00dfnahme der Europ\u00e4ischen Union, die auf der zwischenstaatlichen Initiative aus dem Jahr 2006 basiert und wurde mit dem Beschluss Nr. 1194\/2011\/EU des Europ\u00e4ischen Parlaments und des Europarates eingef\u00fchrt. Dahinter steht der Wunsch, bei europ\u00e4ischen B\u00fcrgerinnen und B\u00fcrgern, insbesondere bei jungen Leuten, das Gef\u00fchl der Zugeh\u00f6rigkeit der Europ\u00e4ischen Union auf der Grundlage der gemeinsamen Werte, der gemeinsamen Elemente europ\u00e4ischer Geschichte und des Kulturerbes zu st\u00e4rken. Zudem soll das Siegel auch als Zeichen der Achtung der nationalen und regionalen Unterschiedlichkeit sowie der St\u00e4rkung des interkulturellen Dialogs dienen. Zu diesem Zweck wird mit diesem Siegel der Symbolwert der Kulturerbest\u00e4tten betont, die in der Geschichte und in der Kultur Europas und\/oder bei der Gr\u00fcndung der Europ\u00e4ischen Union eine wichtige Rolle spielten und es wird dadurch auch f\u00fcr bessere Wiedererkennung dieser Kulturerbest\u00e4tten gesorgt. Nach den neuen Regeln wurden die Kulturerbest\u00e4tten erstmals im Jahr 2013 angemeldet, und zwar von denjenigen Staaten, die fr\u00fcher nicht daran teilgenommen haben. Die ersten vier Siegel waren dann im April 2014 verliehen. In diesem Jahr konnten sich wieder alle diejenigen bewerben, die das Siegel auf der Grundlage der Initiative aus dem Jahr 2006 erhielten, darunter auch alle vier slowenischen St\u00e4tten. Das Siegel wurde dann im Jahr 2014 nur dem Partisanenkrankenhaus Franja verliehen. Ein wichtiges Kriterium war ein qualitativ hochwertiges Projekt mit vorgesehenen Aktivit\u00e4ten, mit denen die europ\u00e4ische Dimension der St\u00e4tte hervorgehoben wird. K\u00fcnftig findet die Auswahl der neuen Kulturerbest\u00e4tten, die dieses Siegel erhalten werden, alle zwei Jahre statt, wobei sich jeder Staat mit zwei St\u00e4tten bewerben kann, von denen jedoch nur eine ausgew\u00e4hlt werden kann.<\/p>\n<p>Durch das Europ\u00e4ische Kulturerbe-Siegel geh\u00f6rt das Partisanenkrankenhaus Franja zu den Kulturerbest\u00e4tten mit einem bedeutenden Teil der gemeinsamen europ\u00e4ischen Geschichte und Kultur. Das Siegel, dessen Werte \u2013 Humanit\u00e4t, Solidarit\u00e4t, Toleranz, Verbindung und interkultureller Dialog \u2013 an die Spitze des Wertesystems des heutigen vereinten Europas gesetzt werden, betonte noch zus\u00e4tzlich die symbolische Bedeutung der Kulturerbest\u00e4tte. Einerseits trug das Siegel zum erh\u00f6hten Bewusstsein von der europ\u00e4ischen Dimension unserer Kulturerbest\u00e4tte und andererseits zu ihrer besseren Sichtbarkeit bei. Mit den f\u00fcr unterschiedliche Gruppen vorbereiteten Programmen, wie z. B. Lehrstunden, gef\u00fchrten Besichtigungen, Vorlesungen, Ausstellungen und Konzerten, f\u00f6rdert das Museum planm\u00e4\u00dfig und konsequent die Sensibilisierung f\u00fcr unsere gemeinsame europ\u00e4ische Geschichte und schenkt dabei seine besondere Aufmerksamkeit den jungen Leuten. Das Krankenhaus Franja wird im besonderen Programm Erziehung f\u00fcr den Frieden als eine Gedenkst\u00e4tte mit au\u00dferordentlichem Aussagewert dargestellt. <a href=\"https:\/\/ec.europa.eu\/programmes\/creative-europe\/sites\/creative-europe\/files\/library\/ehl-2014-panel-report.pdf#page=16\"><u>Hier finden Sie den Bericht der Kommission \u00fcber die Verleihung des Siegels.<\/u><\/a><\/p>\n<h3>\u00dcbrige Empf\u00e4nger<\/h3>\n<p>2017 &#8211; <a href=\"https:\/\/www.javorca.info\/en\/\">Heiligengeistkirche Javorca,Tolmin, Slowenien<\/a>\u00a0 (<a href=\"http:\/\/www.tol-muzej.si\/javorca\/de\/\"><u>Verlinkung zur virtuellen Ausstellung)<\/u><\/a><\/p>\n<p>2019 &#8211; <a href=\"https:\/\/geo.osnabrueck.de\/ehl\/DE\/map\">Zdravljica &#8211; Botschaft des Europ\u00e4ischen V\u00f6lkerfr\u00fchlings (Slowenien)<\/a><\/p>\n<p><a href=\"https:\/\/ec.europa.eu\/programmes\/creative-europe\/actions\/heritage-label_de\"><u>Entdecken Sie die \u00fcbrigen Empf\u00e4nger des Europ\u00e4ischen Kulturerbe-Siegels<\/u><\/a><\/p>\n<\/div><\/section><\/div>\n","protected":false},"excerpt":{"rendered":"","protected":false},"author":7,"featured_media":0,"parent":23749,"menu_order":0,"comment_status":"closed","ping_status":"closed","template":"template-znak-evropske-dediscine.php","meta":{"_acf_changed":false,"footnotes":""},"class_list":["post-23966","page","type-page","status-publish","hentry"],"acf":[],"yoast_head":"<!-- This site is optimized with the Yoast SEO plugin v26.4 - https:\/\/yoast.com\/wordpress\/plugins\/seo\/ -->\n<title>Europ\u00e4isches Kulturerbe-Siegel - Partizanska bolnica Franja<\/title>\n<meta name=\"robots\" content=\"index, follow, max-snippet:-1, max-image-preview:large, max-video-preview:-1\" \/>\n<link rel=\"canonical\" href=\"https:\/\/www.pb-franja.si\/de\/besuchen-sie-uns\/europaeisches-kulturerbe-siegel\/\" \/>\n<meta property=\"og:locale\" content=\"de_DE\" \/>\n<meta property=\"og:type\" content=\"article\" \/>\n<meta property=\"og:title\" content=\"Europ\u00e4isches Kulturerbe-Siegel - Partizanska bolnica Franja\" \/>\n<meta property=\"og:url\" content=\"https:\/\/www.pb-franja.si\/de\/besuchen-sie-uns\/europaeisches-kulturerbe-siegel\/\" \/>\n<meta property=\"og:site_name\" content=\"Partizanska bolnica Franja\" \/>\n<meta property=\"article:modified_time\" content=\"2021-08-25T12:06:10+00:00\" \/>\n<meta name=\"twitter:card\" content=\"summary_large_image\" \/>\n<meta name=\"twitter:label1\" content=\"Gesch\u00e4tzte Lesezeit\" \/>\n\t<meta name=\"twitter:data1\" content=\"3\u00a0Minuten\" \/>\n<script type=\"application\/ld+json\" class=\"yoast-schema-graph\">{\"@context\":\"https:\/\/schema.org\",\"@graph\":[{\"@type\":\"WebPage\",\"@id\":\"https:\/\/www.pb-franja.si\/de\/besuchen-sie-uns\/europaeisches-kulturerbe-siegel\/\",\"url\":\"https:\/\/www.pb-franja.si\/de\/besuchen-sie-uns\/europaeisches-kulturerbe-siegel\/\",\"name\":\"Europ\u00e4isches Kulturerbe-Siegel - Partizanska bolnica Franja\",\"isPartOf\":{\"@id\":\"https:\/\/www.pb-franja.si\/#website\"},\"datePublished\":\"2019-05-27T09:00:04+00:00\",\"dateModified\":\"2021-08-25T12:06:10+00:00\",\"breadcrumb\":{\"@id\":\"https:\/\/www.pb-franja.si\/de\/besuchen-sie-uns\/europaeisches-kulturerbe-siegel\/#breadcrumb\"},\"inLanguage\":\"de\",\"potentialAction\":[{\"@type\":\"ReadAction\",\"target\":[\"https:\/\/www.pb-franja.si\/de\/besuchen-sie-uns\/europaeisches-kulturerbe-siegel\/\"]}]},{\"@type\":\"BreadcrumbList\",\"@id\":\"https:\/\/www.pb-franja.si\/de\/besuchen-sie-uns\/europaeisches-kulturerbe-siegel\/#breadcrumb\",\"itemListElement\":[{\"@type\":\"ListItem\",\"position\":1,\"name\":\"Home\",\"item\":\"https:\/\/www.pb-franja.si\/de\/\"},{\"@type\":\"ListItem\",\"position\":2,\"name\":\"Besuchen Sie uns\",\"item\":\"https:\/\/www.pb-franja.si\/de\/besuchen-sie-uns\/\"},{\"@type\":\"ListItem\",\"position\":3,\"name\":\"Europ\u00e4isches Kulturerbe-Siegel\"}]},{\"@type\":\"WebSite\",\"@id\":\"https:\/\/www.pb-franja.si\/#website\",\"url\":\"https:\/\/www.pb-franja.si\/\",\"name\":\"Partizanska bolnica Franja\",\"description\":\"Partizanska bolnica Franja\",\"potentialAction\":[{\"@type\":\"SearchAction\",\"target\":{\"@type\":\"EntryPoint\",\"urlTemplate\":\"https:\/\/www.pb-franja.si\/?s={search_term_string}\"},\"query-input\":{\"@type\":\"PropertyValueSpecification\",\"valueRequired\":true,\"valueName\":\"search_term_string\"}}],\"inLanguage\":\"de\"}]}<\/script>\n<!-- \/ Yoast SEO plugin. -->","yoast_head_json":{"title":"Europ\u00e4isches Kulturerbe-Siegel - Partizanska bolnica Franja","robots":{"index":"index","follow":"follow","max-snippet":"max-snippet:-1","max-image-preview":"max-image-preview:large","max-video-preview":"max-video-preview:-1"},"canonical":"https:\/\/www.pb-franja.si\/de\/besuchen-sie-uns\/europaeisches-kulturerbe-siegel\/","og_locale":"de_DE","og_type":"article","og_title":"Europ\u00e4isches Kulturerbe-Siegel - Partizanska bolnica Franja","og_url":"https:\/\/www.pb-franja.si\/de\/besuchen-sie-uns\/europaeisches-kulturerbe-siegel\/","og_site_name":"Partizanska bolnica Franja","article_modified_time":"2021-08-25T12:06:10+00:00","twitter_card":"summary_large_image","twitter_misc":{"Gesch\u00e4tzte Lesezeit":"3\u00a0Minuten"},"schema":{"@context":"https:\/\/schema.org","@graph":[{"@type":"WebPage","@id":"https:\/\/www.pb-franja.si\/de\/besuchen-sie-uns\/europaeisches-kulturerbe-siegel\/","url":"https:\/\/www.pb-franja.si\/de\/besuchen-sie-uns\/europaeisches-kulturerbe-siegel\/","name":"Europ\u00e4isches Kulturerbe-Siegel - Partizanska bolnica Franja","isPartOf":{"@id":"https:\/\/www.pb-franja.si\/#website"},"datePublished":"2019-05-27T09:00:04+00:00","dateModified":"2021-08-25T12:06:10+00:00","breadcrumb":{"@id":"https:\/\/www.pb-franja.si\/de\/besuchen-sie-uns\/europaeisches-kulturerbe-siegel\/#breadcrumb"},"inLanguage":"de","potentialAction":[{"@type":"ReadAction","target":["https:\/\/www.pb-franja.si\/de\/besuchen-sie-uns\/europaeisches-kulturerbe-siegel\/"]}]},{"@type":"BreadcrumbList","@id":"https:\/\/www.pb-franja.si\/de\/besuchen-sie-uns\/europaeisches-kulturerbe-siegel\/#breadcrumb","itemListElement":[{"@type":"ListItem","position":1,"name":"Home","item":"https:\/\/www.pb-franja.si\/de\/"},{"@type":"ListItem","position":2,"name":"Besuchen Sie uns","item":"https:\/\/www.pb-franja.si\/de\/besuchen-sie-uns\/"},{"@type":"ListItem","position":3,"name":"Europ\u00e4isches Kulturerbe-Siegel"}]},{"@type":"WebSite","@id":"https:\/\/www.pb-franja.si\/#website","url":"https:\/\/www.pb-franja.si\/","name":"Partizanska bolnica Franja","description":"Partizanska bolnica Franja","potentialAction":[{"@type":"SearchAction","target":{"@type":"EntryPoint","urlTemplate":"https:\/\/www.pb-franja.si\/?s={search_term_string}"},"query-input":{"@type":"PropertyValueSpecification","valueRequired":true,"valueName":"search_term_string"}}],"inLanguage":"de"}]}},"_links":{"self":[{"href":"https:\/\/www.pb-franja.si\/de\/wp-json\/wp\/v2\/pages\/23966","targetHints":{"allow":["GET"]}}],"collection":[{"href":"https:\/\/www.pb-franja.si\/de\/wp-json\/wp\/v2\/pages"}],"about":[{"href":"https:\/\/www.pb-franja.si\/de\/wp-json\/wp\/v2\/types\/page"}],"author":[{"embeddable":true,"href":"https:\/\/www.pb-franja.si\/de\/wp-json\/wp\/v2\/users\/7"}],"replies":[{"embeddable":true,"href":"https:\/\/www.pb-franja.si\/de\/wp-json\/wp\/v2\/comments?post=23966"}],"version-history":[{"count":8,"href":"https:\/\/www.pb-franja.si\/de\/wp-json\/wp\/v2\/pages\/23966\/revisions"}],"predecessor-version":[{"id":28927,"href":"https:\/\/www.pb-franja.si\/de\/wp-json\/wp\/v2\/pages\/23966\/revisions\/28927"}],"up":[{"embeddable":true,"href":"https:\/\/www.pb-franja.si\/de\/wp-json\/wp\/v2\/pages\/23749"}],"wp:attachment":[{"href":"https:\/\/www.pb-franja.si\/de\/wp-json\/wp\/v2\/media?parent=23966"}],"curies":[{"name":"wp","href":"https:\/\/api.w.org\/{rel}","templated":true}]}}