{"id":23809,"date":"2018-11-15T09:23:43","date_gmt":"2018-11-15T08:23:43","guid":{"rendered":"https:\/\/www.pb-franja.si\/politika-zasebnosti\/"},"modified":"2019-10-10T13:41:35","modified_gmt":"2019-10-10T11:41:35","slug":"politika-zasebnosti","status":"publish","type":"page","link":"https:\/\/www.pb-franja.si\/en\/politika-zasebnosti\/","title":{"rendered":"Politika zasebnosti"},"content":{"rendered":"\n<style type=\"text\/css\" data-created_by=\"avia_inline_auto\" id=\"style-css-av-jkc338aw-5a5479b6fde708e529e48dd11b041fc5\">\n.avia-section.av-jkc338aw-5a5479b6fde708e529e48dd11b041fc5{\nbackground-repeat:no-repeat;\nbackground-image:url(https:\/\/www.pb-franja.si\/wp-content\/uploads\/2018\/08\/aktualno-header-1.jpg);\nbackground-position:0% 0%;\nbackground-attachment:scroll;\n}\n<\/style>\n<div id='av_section_1'  class='avia-section av-jkc338aw-5a5479b6fde708e529e48dd11b041fc5 main_color avia-section-default avia-no-border-styling  avia-builder-el-0  el_before_av_section  avia-builder-el-first  aktualno-header avia-bg-style-scroll av-minimum-height av-minimum-height-custom av-height-custom  container_wrap fullsize'  data-section-bg-repeat='no-repeat' data-av_minimum_height_px='460'><div class='container av-section-cont-open' style='height:460px'><main  role=\"main\" itemprop=\"mainContentOfPage\"  class='template-page content  av-content-full alpha units'><div class='post-entry post-entry-type-page post-entry-23809'><div class='entry-content-wrapper clearfix'>\n<section  class='av_textblock_section av-jkc35m6x-ba7822a8e40bd58317fc2c8c714a2c5c '   itemscope=\"itemscope\" itemtype=\"https:\/\/schema.org\/CreativeWork\" ><div class='avia_textblock breadcrumbs'  itemprop=\"text\" ><div class=\"bcwrap\"><a href=\"https:\/\/www.pb-franja.si\">Domov<\/a><span class=\"bcsep\"><\/span><span class=\"currbc\">Politika zasebnosti<\/span><\/div>\n<\/div><\/section>\n<section  class='av_textblock_section av-jkc35uy8-8f8ccf999c9af147f390caa6ca7f8d2b '   itemscope=\"itemscope\" itemtype=\"https:\/\/schema.org\/CreativeWork\" ><div class='avia_textblock'  itemprop=\"text\" ><h1>Politika zasebnosti<\/h1>\n<\/div><\/section>\n\n<\/div><\/div><\/main><!-- close content main element --><\/div><\/div><div id='av_section_2'  class='avia-section av-31mlfy-33d8c8a0ee15b5b8a0af944418d5956e main_color avia-section-default avia-no-border-styling  avia-builder-el-3  el_after_av_section  avia-builder-el-last  avia-bg-style-scroll container_wrap fullsize'  ><div class='container av-section-cont-open' ><div class='template-page content  av-content-full alpha units'><div class='post-entry post-entry-type-page post-entry-23809'><div class='entry-content-wrapper clearfix'>\n<section  class='av_textblock_section av-joibvyb1-7b325a36f4017f31dcb8baaffc58d46f '   itemscope=\"itemscope\" itemtype=\"https:\/\/schema.org\/CreativeWork\" ><div class='avia_textblock'  itemprop=\"text\" ><h2><strong>1. Izjava o zasebnosti<\/strong><\/h2>\n<p>Mestni muzej Idrija spo\u0161tuje va\u0161o pravico do zasebnosti in je zavezan k delovanju v skladu z zakoni in<br \/>\npredpisi, ki opredeljujejo varovanje osebnih podatkov. Namen Izjave o zasebnosti je, da vas<br \/>\nseznanimo s tem, kako bodo zbrani osebni podatki uporabljeni in kako lahko spremenite oziroma<br \/>\nzahtevate izbris vseh podatkov, ki jih hranimo o vas.<br \/>\nMestni muzej Idrija se zavezuje, da bodo zbrani osebni podatki uporabljeni v skladu s to Izjavo o<br \/>\nzasebnosti.<\/p>\n<h2><strong>2. Splo\u0161no<\/strong><\/h2>\n<p>Uporabniki te spletne strani so lahko fizi\u010dne ali pravne osebe, pri \u010demer se, po Splo\u0161ni uredbi EU o<br \/>\nvarstvu podatkov (GDPR), samo podatki fizi\u010dnih oseb \u0161tejejo za osebne podatke.<br \/>\nMestni muzej Idrija se zavezuje varovati osebne podatke, ki nam jih posredujete z uporabo na\u0161e<br \/>\nspletne strani. Za prepre\u010devanje nepoobla\u0161\u010denega dostopa do teh podatkov ali njihovega razkritja,<br \/>\nohranitev to\u010dnosti osebnih podatkov in zagotovitev njihove ustrezne uporabe, uporabljamo tehni\u010dne<br \/>\nin organizacijske postopke za zavarovanje osebnih podatkov skladno z Zakonom o varstvu osebnih<br \/>\npodatkov.<br \/>\nKer obstajajo na spletni strani Mestnega muzeja Idrija dolo\u010dene povezave na druge spletne strani, ki<br \/>\nniso v nikakr\u0161ni povezavi z Mestnim muzejem Idrija, ne prevzemamo nobene odgovornosti za za\u0161\u010dito<br \/>\npodatkov na teh spletnih straneh.<\/p>\n<h3>Obisk spletne strani<\/h3>\n<p>Ob vsakem obisku spletne strani Mestnega muzeja Idrija se na spletnem stre\u017eniku z uporabo storitve<br \/>\nGoogle Analytics, shranjujejo dnevni\u0161ke datoteke spletnega stre\u017enika (IP \u0161tevilka, verzija brskalnika,<br \/>\nverzija operacijskega sistema, jezik operacijskega sistema, lokacija, \u010das obiska, obiskanost podstrani<br \/>\nza posameznega obiskovalca spletne strani). Mestni muzej Idrija tako zbranih podatkov ne obdeluje<br \/>\nposebej in jih ne povezuje z drugimi podatki. Dnevni\u0161ke datoteke spletnega stre\u017enika se hranijo pod<br \/>\npogoji storitve Google Analytics.<\/p>\n<h3>Prijava na e-novice (obvestila)<\/h3>\n<p>\u010ce ste se prijavili v sistem prejemanja e-novic (obvestil), vas lahko Mestni muzej Idrija preko<br \/>\nelektronske po\u0161te obve\u0161\u010da o svojih storitvah in izdelkih ali novostih s podro\u010dja ponudbe, storitev ter<br \/>\nizdelkov, ki so neposredno vezani na Mestni muzej Idrija. \u010ce teh obvestil ne \u017eelite ve\u010d prejemati, se<br \/>\nlahko odjavite z uporabo povezave za avtomatsko odjavo v vsakokratni e-novici (obvestilu).<br \/>\nMestni muzej Idrija zbira osebne podatke (ime in priimek ter naslov elektronske po\u0161te) izklju\u010dno<br \/>\npreko prostovoljnih posredovanj osebnih podatkov ob prijavi na e-novice (obvestila). Vsi podatki,<br \/>\nzbrani pod temi pogoji, bodo uporabljeni v skladu z namenom, za katerega so bili zbrani in ne bodo<br \/>\nposredovani tretjim osebam brez va\u0161e privolitve. Hranijo se do odjave prejemanja e-novic (obvestil),<br \/>\nnato se bri\u0161ejo.<\/p>\n<h3>Ankete<\/h3>\n<p>Mestni muzej Idrija lahko ob\u010dasno na svoji spletni strani izvaja tudi ankete. V primeru izpolnitve<br \/>\nankete, se o uporabniku shranijo naslednji podatki: IP \u0161tevilka, ura in datum oddaje glasu.<br \/>\nMestni muzej Idrija zbira podatke izklju\u010dno preko prostovoljnih posredovanj osebnih podatkov ob<br \/>\nizpolnitvi ankete. Osebni podatki se hranijo 1 mesec, nato se bri\u0161ejo.<\/p>\n<h2>3. Pi\u0161kotki (ang. cookies)<\/h2>\n<p>Mestni muzej Idrija lahko s pomo\u010djo pi\u0161kotkov zbira informacije o va\u0161i uporabi spletne strani.<\/p>\n<p>Pi\u0161kotek je majhna datoteka, ki se nalo\u017ei na uporabnikov ra\u010dunalnik, ko ta obi\u0161\u010de dolo\u010deno spletno<br \/>\nstran. Ob vsakem ponovnem obisku bo spletna stran pridobila podatek o nalo\u017eenem pi\u0161kotku in<br \/>\nuporabnika prepoznala. Pi\u0161kotki so pomembni za delovanje spletnih strani, zato da je uporabnikova<br \/>\nizku\u0161nja bolj\u0161a. Z njihovo pomo\u010djo je mogo\u010de analizirati promet na spletni strani.<br \/>\n<a href=\"https:\/\/www.optiweb.com\/razlaga-piskotkov\/?host=optiweb.com\">Ve\u010d o pi\u0161kotkih<\/a><\/p>\n<h2>4. Uporabniki podatkov<\/h2>\n<p>Uporabniki podatkov so administrator in skrbnik spletne strani Mestnega muzeja Idrija.<br \/>\nNa vpra\u0161anja o zaupnosti va\u0161ih podatkov, na\u010dinu zbiranja in uporabe podatkov ali \u017eelje po dodatnih<br \/>\ninformacijah, vam bo odgovorila odgovorna oseba za upravljanje z osebnimi podatki uporabnikov<br \/>\nspletne strani:<\/p>\n<p>Mestni muzej Idrija<br \/>\nPrelov\u010deva ulica 9, 5280 Idrija<br \/>\nKontaktna oseba: Milojka Magajne<br \/>\nTelefonska \u0161t.: +386 (0)5 37 231 80<br \/>\nElektronski naslov: milojka.magajne@muzej-idrija-cerkno.si<\/p>\n<\/div><\/section>\n\n","protected":false},"excerpt":{"rendered":"","protected":false},"author":7,"featured_media":0,"parent":0,"menu_order":0,"comment_status":"closed","ping_status":"closed","template":"","meta":{"_acf_changed":false,"footnotes":""},"class_list":["post-23809","page","type-page","status-publish","hentry"],"acf":[],"yoast_head":"<!-- This site is optimized with the Yoast SEO plugin v26.4 - https:\/\/yoast.com\/wordpress\/plugins\/seo\/ -->\n<title>Politika zasebnosti - Partizanska bolnica Franja<\/title>\n<meta name=\"description\" content=\"Mestni muzej Idrija spo\u0161tuje va\u0161o pravico do zasebnosti in je zavezan k delovanju v skladu z zakoni inpredpisi, ki opredeljujejo varovanje osebnih podatkov.\" \/>\n<meta name=\"robots\" content=\"index, follow, max-snippet:-1, max-image-preview:large, max-video-preview:-1\" \/>\n<link rel=\"canonical\" href=\"https:\/\/www.pb-franja.si\/en\/politika-zasebnosti\/\" \/>\n<meta property=\"og:locale\" content=\"en_US\" \/>\n<meta property=\"og:type\" content=\"article\" \/>\n<meta property=\"og:title\" content=\"Politika zasebnosti - Partizanska bolnica Franja\" \/>\n<meta property=\"og:description\" content=\"Mestni muzej Idrija spo\u0161tuje va\u0161o pravico do zasebnosti in je zavezan k delovanju v skladu z zakoni inpredpisi, ki opredeljujejo varovanje osebnih podatkov.\" \/>\n<meta property=\"og:url\" content=\"https:\/\/www.pb-franja.si\/en\/politika-zasebnosti\/\" \/>\n<meta property=\"og:site_name\" content=\"Partizanska bolnica Franja\" \/>\n<meta property=\"article:modified_time\" content=\"2019-10-10T11:41:35+00:00\" \/>\n<meta name=\"twitter:card\" content=\"summary_large_image\" \/>\n<meta name=\"twitter:label1\" content=\"Est. reading time\" \/>\n\t<meta name=\"twitter:data1\" content=\"5 minutes\" \/>\n<script type=\"application\/ld+json\" class=\"yoast-schema-graph\">{\"@context\":\"https:\/\/schema.org\",\"@graph\":[{\"@type\":\"WebPage\",\"@id\":\"https:\/\/www.pb-franja.si\/en\/politika-zasebnosti\/\",\"url\":\"https:\/\/www.pb-franja.si\/en\/politika-zasebnosti\/\",\"name\":\"Politika zasebnosti - Partizanska bolnica Franja\",\"isPartOf\":{\"@id\":\"https:\/\/www.pb-franja.si\/#website\"},\"datePublished\":\"2018-11-15T08:23:43+00:00\",\"dateModified\":\"2019-10-10T11:41:35+00:00\",\"description\":\"Mestni muzej Idrija spo\u0161tuje va\u0161o pravico do zasebnosti in je zavezan k delovanju v skladu z zakoni inpredpisi, ki opredeljujejo varovanje osebnih podatkov.\",\"breadcrumb\":{\"@id\":\"https:\/\/www.pb-franja.si\/en\/politika-zasebnosti\/#breadcrumb\"},\"inLanguage\":\"en-US\",\"potentialAction\":[{\"@type\":\"ReadAction\",\"target\":[\"https:\/\/www.pb-franja.si\/en\/politika-zasebnosti\/\"]}]},{\"@type\":\"BreadcrumbList\",\"@id\":\"https:\/\/www.pb-franja.si\/en\/politika-zasebnosti\/#breadcrumb\",\"itemListElement\":[{\"@type\":\"ListItem\",\"position\":1,\"name\":\"Home\",\"item\":\"https:\/\/www.pb-franja.si\/en\/\"},{\"@type\":\"ListItem\",\"position\":2,\"name\":\"Politika zasebnosti\"}]},{\"@type\":\"WebSite\",\"@id\":\"https:\/\/www.pb-franja.si\/#website\",\"url\":\"https:\/\/www.pb-franja.si\/\",\"name\":\"Partizanska bolnica Franja\",\"description\":\"Partizanska bolnica Franja\",\"potentialAction\":[{\"@type\":\"SearchAction\",\"target\":{\"@type\":\"EntryPoint\",\"urlTemplate\":\"https:\/\/www.pb-franja.si\/?s={search_term_string}\"},\"query-input\":{\"@type\":\"PropertyValueSpecification\",\"valueRequired\":true,\"valueName\":\"search_term_string\"}}],\"inLanguage\":\"en-US\"}]}<\/script>\n<!-- \/ Yoast SEO plugin. -->","yoast_head_json":{"title":"Politika zasebnosti - Partizanska bolnica Franja","description":"Mestni muzej Idrija spo\u0161tuje va\u0161o pravico do zasebnosti in je zavezan k delovanju v skladu z zakoni inpredpisi, ki opredeljujejo varovanje osebnih podatkov.","robots":{"index":"index","follow":"follow","max-snippet":"max-snippet:-1","max-image-preview":"max-image-preview:large","max-video-preview":"max-video-preview:-1"},"canonical":"https:\/\/www.pb-franja.si\/en\/politika-zasebnosti\/","og_locale":"en_US","og_type":"article","og_title":"Politika zasebnosti - Partizanska bolnica Franja","og_description":"Mestni muzej Idrija spo\u0161tuje va\u0161o pravico do zasebnosti in je zavezan k delovanju v skladu z zakoni inpredpisi, ki opredeljujejo varovanje osebnih podatkov.","og_url":"https:\/\/www.pb-franja.si\/en\/politika-zasebnosti\/","og_site_name":"Partizanska bolnica Franja","article_modified_time":"2019-10-10T11:41:35+00:00","twitter_card":"summary_large_image","twitter_misc":{"Est. reading time":"5 minutes"},"schema":{"@context":"https:\/\/schema.org","@graph":[{"@type":"WebPage","@id":"https:\/\/www.pb-franja.si\/en\/politika-zasebnosti\/","url":"https:\/\/www.pb-franja.si\/en\/politika-zasebnosti\/","name":"Politika zasebnosti - Partizanska bolnica Franja","isPartOf":{"@id":"https:\/\/www.pb-franja.si\/#website"},"datePublished":"2018-11-15T08:23:43+00:00","dateModified":"2019-10-10T11:41:35+00:00","description":"Mestni muzej Idrija spo\u0161tuje va\u0161o pravico do zasebnosti in je zavezan k delovanju v skladu z zakoni inpredpisi, ki opredeljujejo varovanje osebnih podatkov.","breadcrumb":{"@id":"https:\/\/www.pb-franja.si\/en\/politika-zasebnosti\/#breadcrumb"},"inLanguage":"en-US","potentialAction":[{"@type":"ReadAction","target":["https:\/\/www.pb-franja.si\/en\/politika-zasebnosti\/"]}]},{"@type":"BreadcrumbList","@id":"https:\/\/www.pb-franja.si\/en\/politika-zasebnosti\/#breadcrumb","itemListElement":[{"@type":"ListItem","position":1,"name":"Home","item":"https:\/\/www.pb-franja.si\/en\/"},{"@type":"ListItem","position":2,"name":"Politika zasebnosti"}]},{"@type":"WebSite","@id":"https:\/\/www.pb-franja.si\/#website","url":"https:\/\/www.pb-franja.si\/","name":"Partizanska bolnica Franja","description":"Partizanska bolnica Franja","potentialAction":[{"@type":"SearchAction","target":{"@type":"EntryPoint","urlTemplate":"https:\/\/www.pb-franja.si\/?s={search_term_string}"},"query-input":{"@type":"PropertyValueSpecification","valueRequired":true,"valueName":"search_term_string"}}],"inLanguage":"en-US"}]}},"_links":{"self":[{"href":"https:\/\/www.pb-franja.si\/en\/wp-json\/wp\/v2\/pages\/23809","targetHints":{"allow":["GET"]}}],"collection":[{"href":"https:\/\/www.pb-franja.si\/en\/wp-json\/wp\/v2\/pages"}],"about":[{"href":"https:\/\/www.pb-franja.si\/en\/wp-json\/wp\/v2\/types\/page"}],"author":[{"embeddable":true,"href":"https:\/\/www.pb-franja.si\/en\/wp-json\/wp\/v2\/users\/7"}],"replies":[{"embeddable":true,"href":"https:\/\/www.pb-franja.si\/en\/wp-json\/wp\/v2\/comments?post=23809"}],"version-history":[{"count":2,"href":"https:\/\/www.pb-franja.si\/en\/wp-json\/wp\/v2\/pages\/23809\/revisions"}],"predecessor-version":[{"id":26541,"href":"https:\/\/www.pb-franja.si\/en\/wp-json\/wp\/v2\/pages\/23809\/revisions\/26541"}],"wp:attachment":[{"href":"https:\/\/www.pb-franja.si\/en\/wp-json\/wp\/v2\/media?parent=23809"}],"curies":[{"name":"wp","href":"https:\/\/api.w.org\/{rel}","templated":true}]}}