{"id":23720,"date":"2018-07-26T14:46:16","date_gmt":"2018-07-26T12:46:16","guid":{"rendered":"https:\/\/www.pb-franja.si\/o-muzeju\/predstavitev-in-poslanstvo\/"},"modified":"2019-10-08T15:47:16","modified_gmt":"2019-10-08T13:47:16","slug":"presentazione-e-missione","status":"publish","type":"page","link":"https:\/\/www.pb-franja.si\/it\/a-proposito-del-museo\/presentazione-e-missione\/","title":{"rendered":"Presentazione e missione"},"content":{"rendered":"<div id='av_section_1'  class='avia-section av-1k134-da2593e486aea1667e9b1b611c85add4 main_color avia-section-default avia-no-border-styling  avia-builder-el-0  el_before_av_section  avia-builder-el-first  avia-bg-style-scroll container_wrap fullsize'  ><div class='container av-section-cont-open' ><main  role=\"main\" itemprop=\"mainContentOfPage\"  class='template-page content  av-content-full alpha units'><div class='post-entry post-entry-type-page post-entry-23720'><div class='entry-content-wrapper clearfix'>\n<section  class='av_textblock_section av-jkrzulub-9901abcc0dad8466246c96897fe86fc1 '   itemscope=\"itemscope\" itemtype=\"https:\/\/schema.org\/CreativeWork\" ><div class='avia_textblock'  itemprop=\"text\" ><h2>O Mestnem muzeju Idrija<\/h2>\n<p>Mestni muzej Idrija je muzej splo\u0161nega zna\u010daja, v \u0161ir\u0161em prostoru prepoznaven predvsem po svoji skrbi za tehni\u0161ko dedi\u0161\u010dino idrijskega rudnika \u017eivega srebra, drugega najve\u010djega \u017eivosrebrovega rudnika na svetu, dedi\u0161\u010dino klekljanja idrijske \u010dipke in znamenito bolni\u0161nico iz druge svetovne vojne, Partizansko bolnico Franja. Za 65-letno strokovno in predano delo s kulturno dedi\u0161\u010dino smo bili bogato nagrajeni. Leta 1997 je Muzej prejel nagrado Luigi Michelleti in bil razgla\u0161en za najbolj\u0161i evropski muzej industrijske in tehni\u0161ke dedi\u0161\u010dine.<\/p>\n<p>Spomeniki tehni\u0161ke dedi\u0161\u010dine, s katerimi med drugimi upravlja tudi Muzej, so bili skupaj s preostalo dedi\u0161\u010dino rudarske Idrije leta 2012 vpisani na Unescov Seznam svetovne dedi\u0161\u010dine, Partizanska bolnica Franja pa je leta 2015 kot prvo spomeni\u0161ko obmo\u010dje v Sloveniji prejela Znak evropske dedi\u0161\u010dine. Svojo dejavnost Muzej razvija v mati\u010dni enoti v Idriji in dislocirani enoti v Cerknem. Upravlja z izjemnimi spomeniki nepremi\u010dne dedi\u0161\u010dine, ki mu jih je Ob\u010dina ob ustanovitvi zaupala v upravljanje oziroma jih je s\u010dasoma sprejel pod svoje okrilje.<\/p>\n<\/div><\/section>\n\n<\/div><\/div><\/main><!-- close content main element --><\/div><\/div><div id='av_section_2'  class='avia-section av-3yh0-f0552b43bf38a54ddc75004b1dfe937d main_color avia-section-default avia-no-border-styling  avia-builder-el-2  el_after_av_section  el_before_av_section  avia-bg-style-scroll container_wrap fullsize'  ><div class='container av-section-cont-open' ><div class='template-page content  av-content-full alpha units'><div class='post-entry post-entry-type-page post-entry-23720'><div class='entry-content-wrapper clearfix'>\n<section  class='av_textblock_section av-jkrzulub-9901abcc0dad8466246c96897fe86fc1 '   itemscope=\"itemscope\" itemtype=\"https:\/\/schema.org\/CreativeWork\" ><div class='avia_textblock'  itemprop=\"text\" ><h2>Na\u0161e poslanstvo<\/h2>\n<p>Osrednja naloga Mestnega muzeja Idrija pa je skrb za premi\u010dno in nesnovno dedi\u0161\u010dino s podro\u010dij zgodovine, etnologije, zgodovine umetnosti in tehni\u0161ke dedi\u0161\u010dine v Idrijsko-Cerkljanski regiji. To pomeni, da na terenu zbiramo predmete, jih dokumentiramo, hranimo, varujemo, raziskujemo, razstavljamo in tako populariziramo svojo ustanovo in dedi\u0161\u010dino na splo\u0161no.<\/p>\n<p>Muzej poudarja svojo vlogo v izobra\u017eevalnem procesu, zlasti v domoznanstvu, in je s svojimi stalnimi in ob\u010dasnimi razstavami vez med u\u010dbeni\u0161ko zgodovino in resni\u010dnimi ostanki preteklosti na terenu. Razstavno dejavnost dopolnjujemo z izdajanjem strokovnih publikacij in katalogov, raznovrstnimi pedago\u0161kimi programi, u\u010dnimi urami in delavnicami za najmlaj\u0161e in mladino ter vodenimi ogledi, s predavanji in predstavitvami za odrasle. Z digitaliziranjem hranjenega gradiva se priklju\u010dujemo tistim muzejskim in drugim institucijam, ki s pomo\u010djo sodobnih informacijskih tehnologij omogo\u010dajo dostopnost do kulturne dedi\u0161\u010dine \u010dim \u0161ir\u0161i javnosti.<\/p>\n<\/div><\/section>\n\n<\/div><\/div><\/div><!-- close content main div --><\/div><\/div><div id='av_section_3'  class='avia-section av-3yh0-41753da54e931049f8bef4c26554dc05 main_color avia-section-default avia-no-border-styling  avia-builder-el-4  el_after_av_section  el_before_av_section  bgedtext avia-bg-style-scroll container_wrap fullsize'  ><div class='container av-section-cont-open' ><div class='template-page content  av-content-full alpha units'><div class='post-entry post-entry-type-page post-entry-23720'><div class='entry-content-wrapper clearfix'>\n<section  class='av_textblock_section av-jkrzulub-9901abcc0dad8466246c96897fe86fc1 '   itemscope=\"itemscope\" itemtype=\"https:\/\/schema.org\/CreativeWork\" ><div class='avia_textblock'  itemprop=\"text\" ><h2>Kaj je muzej?<\/h2>\n<p>Muzej je prostor sre\u010devanja, povezovanja, izobra\u017eevanja, ve\u010dkulturnega dialoga. Prostor, kjer lahko zastavimo vpra\u0161anja in dobimo odgovore, kjer je dovoljeno razmi\u0161ljati in se spra\u0161evati. V muzeju gradimo zavest o pripadnosti prostoru, v katerem \u017eivimo, in spo\u0161tovanju vrednot, ki so oblikovale \u017eivljenje na\u0161ih prednikov in bi kot univerzalne vrednote \u010dlove\u0161tva morale ostati del sodobnega sveta.<\/p>\n<\/div><\/section>\n\n<\/div><\/div><\/div><!-- close content main div --><\/div><\/div><div id='av_section_4'  class='avia-section av-av_section-7c51d45cb193ee5453f2d869ba9ea4f1 main_color avia-section-default avia-no-border-styling  avia-builder-el-6  el_after_av_section  avia-builder-el-last  avia-bg-style-scroll container_wrap fullsize'  ><div class='container av-section-cont-open' ><div class='template-page content  av-content-full alpha units'><div class='post-entry post-entry-type-page post-entry-23720'><div class='entry-content-wrapper clearfix'>\n<section  class='av_textblock_section av-jks0xcg3-a30feae2b61d325c6433fab138560523 '   itemscope=\"itemscope\" itemtype=\"https:\/\/schema.org\/CreativeWork\" ><div class='avia_textblock'  itemprop=\"text\" ><h3>Vizitka<\/h3>\n<div class=\"vizitka_wrap\"><div class=\"program_row\"><div class=\"notificationblock_title\">Naziv:<\/div><div class=\"notificationblock_content\">Mestni muzej Idrija, muzej za Idrijsko in Cerkljansko<\/div><\/div><div class=\"program_row\"><div class=\"notificationblock_title\">Sede\u017e:<\/div><div class=\"notificationblock_content\">Prelov\u010deva 9, 5280 Idrija<\/div><\/div><div class=\"program_row\"><div class=\"notificationblock_title\">Telefon:<\/div><div class=\"notificationblock_content\">+386 (5) 37 266 00<\/div><\/div><div class=\"program_row\"><div class=\"notificationblock_title\">Fax:<\/div><div class=\"notificationblock_content\">+ 386 (5) 37 735 80<\/div><\/div><div class=\"program_row\"><div class=\"notificationblock_title\">E-naslov:<\/div><div class=\"notificationblock_content\"><a class=\"\" href=\"mailto:tajnistvo@muzej-idrija-cerkno.si\" >tajnistvo@muzej-idrija-cerkno.si<\/a><\/div><\/div><div class=\"program_row\"><div class=\"notificationblock_title\">Spletna stran:<\/div><div class=\"notificationblock_content\"><a class=\"\" href=\"https:\/\/www.pb-franja.si\" >www.muzej-idrija-cerkno.si<\/a><\/div><\/div><div class=\"program_row\"><div class=\"notificationblock_title\">Mati\u010dna \u0161tevilka:<\/div><div class=\"notificationblock_content\">5055741<\/div><\/div><div class=\"program_row\"><div class=\"notificationblock_title\">Dav\u010dna \u0161tevilka:<\/div><div class=\"notificationblock_content\">72695439<\/div><\/div><div class=\"program_row\"><div class=\"notificationblock_title\">Transakcijski ra\u010dun:<\/div><div class=\"notificationblock_content\">Ra\u010dun pri Upravi RS za javna pla\u010dila, \u0161tev.: SI56 0123 6603 0375 893<\/div><\/div><\/div>\n<\/div><\/section>\n\n","protected":false},"excerpt":{"rendered":"","protected":false},"author":7,"featured_media":0,"parent":23694,"menu_order":0,"comment_status":"closed","ping_status":"closed","template":"template-o-muzeju_predstavitev-poslanstvo.php","meta":{"_acf_changed":false,"footnotes":""},"class_list":["post-23720","page","type-page","status-publish","hentry"],"acf":[],"yoast_head":"<!-- This site is optimized with the Yoast SEO plugin v26.4 - https:\/\/yoast.com\/wordpress\/plugins\/seo\/ -->\n<title>Presentazione e missione - Partizanska bolnica Franja<\/title>\n<meta name=\"description\" content=\"\u017de 65 let skrbimo za premi\u010dno in nesnovno dedi\u0161\u010dino s podro\u010dij zgodovine, etnologije, zgodovine umetnosti in tehni\u0161ke dedi\u0161\u010dine na Idrijskem in Cerkljanskem\" \/>\n<meta name=\"robots\" content=\"index, follow, max-snippet:-1, max-image-preview:large, max-video-preview:-1\" \/>\n<link rel=\"canonical\" href=\"https:\/\/www.pb-franja.si\/it\/a-proposito-del-museo\/presentazione-e-missione\/\" \/>\n<meta property=\"og:locale\" content=\"it_IT\" \/>\n<meta property=\"og:type\" content=\"article\" \/>\n<meta property=\"og:title\" content=\"Presentazione e missione - Partizanska bolnica Franja\" \/>\n<meta property=\"og:description\" content=\"\u017de 65 let skrbimo za premi\u010dno in nesnovno dedi\u0161\u010dino s podro\u010dij zgodovine, etnologije, zgodovine umetnosti in tehni\u0161ke dedi\u0161\u010dine na Idrijskem in Cerkljanskem\" \/>\n<meta property=\"og:url\" content=\"https:\/\/www.pb-franja.si\/it\/a-proposito-del-museo\/presentazione-e-missione\/\" \/>\n<meta property=\"og:site_name\" content=\"Partizanska bolnica Franja\" \/>\n<meta property=\"article:modified_time\" content=\"2019-10-08T13:47:16+00:00\" \/>\n<meta name=\"twitter:card\" content=\"summary_large_image\" \/>\n<meta name=\"twitter:label1\" content=\"Tempo di lettura stimato\" \/>\n\t<meta name=\"twitter:data1\" content=\"5 minuti\" \/>\n<script type=\"application\/ld+json\" class=\"yoast-schema-graph\">{\"@context\":\"https:\/\/schema.org\",\"@graph\":[{\"@type\":\"WebPage\",\"@id\":\"https:\/\/www.pb-franja.si\/it\/a-proposito-del-museo\/presentazione-e-missione\/\",\"url\":\"https:\/\/www.pb-franja.si\/it\/a-proposito-del-museo\/presentazione-e-missione\/\",\"name\":\"Presentazione e missione - Partizanska bolnica Franja\",\"isPartOf\":{\"@id\":\"https:\/\/www.pb-franja.si\/#website\"},\"datePublished\":\"2018-07-26T12:46:16+00:00\",\"dateModified\":\"2019-10-08T13:47:16+00:00\",\"description\":\"\u017de 65 let skrbimo za premi\u010dno in nesnovno dedi\u0161\u010dino s podro\u010dij zgodovine, etnologije, zgodovine umetnosti in tehni\u0161ke dedi\u0161\u010dine na Idrijskem in Cerkljanskem\",\"breadcrumb\":{\"@id\":\"https:\/\/www.pb-franja.si\/it\/a-proposito-del-museo\/presentazione-e-missione\/#breadcrumb\"},\"inLanguage\":\"it-IT\",\"potentialAction\":[{\"@type\":\"ReadAction\",\"target\":[\"https:\/\/www.pb-franja.si\/it\/a-proposito-del-museo\/presentazione-e-missione\/\"]}]},{\"@type\":\"BreadcrumbList\",\"@id\":\"https:\/\/www.pb-franja.si\/it\/a-proposito-del-museo\/presentazione-e-missione\/#breadcrumb\",\"itemListElement\":[{\"@type\":\"ListItem\",\"position\":1,\"name\":\"Home\",\"item\":\"https:\/\/www.pb-franja.si\/it\/\"},{\"@type\":\"ListItem\",\"position\":2,\"name\":\"A proposito del museo\",\"item\":\"https:\/\/www.pb-franja.si\/it\/a-proposito-del-museo\/\"},{\"@type\":\"ListItem\",\"position\":3,\"name\":\"Presentazione e missione\"}]},{\"@type\":\"WebSite\",\"@id\":\"https:\/\/www.pb-franja.si\/#website\",\"url\":\"https:\/\/www.pb-franja.si\/\",\"name\":\"Partizanska bolnica Franja\",\"description\":\"Partizanska bolnica Franja\",\"potentialAction\":[{\"@type\":\"SearchAction\",\"target\":{\"@type\":\"EntryPoint\",\"urlTemplate\":\"https:\/\/www.pb-franja.si\/?s={search_term_string}\"},\"query-input\":{\"@type\":\"PropertyValueSpecification\",\"valueRequired\":true,\"valueName\":\"search_term_string\"}}],\"inLanguage\":\"it-IT\"}]}<\/script>\n<!-- \/ Yoast SEO plugin. -->","yoast_head_json":{"title":"Presentazione e missione - Partizanska bolnica Franja","description":"\u017de 65 let skrbimo za premi\u010dno in nesnovno dedi\u0161\u010dino s podro\u010dij zgodovine, etnologije, zgodovine umetnosti in tehni\u0161ke dedi\u0161\u010dine na Idrijskem in Cerkljanskem","robots":{"index":"index","follow":"follow","max-snippet":"max-snippet:-1","max-image-preview":"max-image-preview:large","max-video-preview":"max-video-preview:-1"},"canonical":"https:\/\/www.pb-franja.si\/it\/a-proposito-del-museo\/presentazione-e-missione\/","og_locale":"it_IT","og_type":"article","og_title":"Presentazione e missione - Partizanska bolnica Franja","og_description":"\u017de 65 let skrbimo za premi\u010dno in nesnovno dedi\u0161\u010dino s podro\u010dij zgodovine, etnologije, zgodovine umetnosti in tehni\u0161ke dedi\u0161\u010dine na Idrijskem in Cerkljanskem","og_url":"https:\/\/www.pb-franja.si\/it\/a-proposito-del-museo\/presentazione-e-missione\/","og_site_name":"Partizanska bolnica Franja","article_modified_time":"2019-10-08T13:47:16+00:00","twitter_card":"summary_large_image","twitter_misc":{"Tempo di lettura stimato":"5 minuti"},"schema":{"@context":"https:\/\/schema.org","@graph":[{"@type":"WebPage","@id":"https:\/\/www.pb-franja.si\/it\/a-proposito-del-museo\/presentazione-e-missione\/","url":"https:\/\/www.pb-franja.si\/it\/a-proposito-del-museo\/presentazione-e-missione\/","name":"Presentazione e missione - Partizanska bolnica Franja","isPartOf":{"@id":"https:\/\/www.pb-franja.si\/#website"},"datePublished":"2018-07-26T12:46:16+00:00","dateModified":"2019-10-08T13:47:16+00:00","description":"\u017de 65 let skrbimo za premi\u010dno in nesnovno dedi\u0161\u010dino s podro\u010dij zgodovine, etnologije, zgodovine umetnosti in tehni\u0161ke dedi\u0161\u010dine na Idrijskem in Cerkljanskem","breadcrumb":{"@id":"https:\/\/www.pb-franja.si\/it\/a-proposito-del-museo\/presentazione-e-missione\/#breadcrumb"},"inLanguage":"it-IT","potentialAction":[{"@type":"ReadAction","target":["https:\/\/www.pb-franja.si\/it\/a-proposito-del-museo\/presentazione-e-missione\/"]}]},{"@type":"BreadcrumbList","@id":"https:\/\/www.pb-franja.si\/it\/a-proposito-del-museo\/presentazione-e-missione\/#breadcrumb","itemListElement":[{"@type":"ListItem","position":1,"name":"Home","item":"https:\/\/www.pb-franja.si\/it\/"},{"@type":"ListItem","position":2,"name":"A proposito del museo","item":"https:\/\/www.pb-franja.si\/it\/a-proposito-del-museo\/"},{"@type":"ListItem","position":3,"name":"Presentazione e missione"}]},{"@type":"WebSite","@id":"https:\/\/www.pb-franja.si\/#website","url":"https:\/\/www.pb-franja.si\/","name":"Partizanska bolnica Franja","description":"Partizanska bolnica Franja","potentialAction":[{"@type":"SearchAction","target":{"@type":"EntryPoint","urlTemplate":"https:\/\/www.pb-franja.si\/?s={search_term_string}"},"query-input":{"@type":"PropertyValueSpecification","valueRequired":true,"valueName":"search_term_string"}}],"inLanguage":"it-IT"}]}},"_links":{"self":[{"href":"https:\/\/www.pb-franja.si\/it\/wp-json\/wp\/v2\/pages\/23720","targetHints":{"allow":["GET"]}}],"collection":[{"href":"https:\/\/www.pb-franja.si\/it\/wp-json\/wp\/v2\/pages"}],"about":[{"href":"https:\/\/www.pb-franja.si\/it\/wp-json\/wp\/v2\/types\/page"}],"author":[{"embeddable":true,"href":"https:\/\/www.pb-franja.si\/it\/wp-json\/wp\/v2\/users\/7"}],"replies":[{"embeddable":true,"href":"https:\/\/www.pb-franja.si\/it\/wp-json\/wp\/v2\/comments?post=23720"}],"version-history":[{"count":2,"href":"https:\/\/www.pb-franja.si\/it\/wp-json\/wp\/v2\/pages\/23720\/revisions"}],"predecessor-version":[{"id":25535,"href":"https:\/\/www.pb-franja.si\/it\/wp-json\/wp\/v2\/pages\/23720\/revisions\/25535"}],"up":[{"embeddable":true,"href":"https:\/\/www.pb-franja.si\/it\/wp-json\/wp\/v2\/pages\/23694"}],"wp:attachment":[{"href":"https:\/\/www.pb-franja.si\/it\/wp-json\/wp\/v2\/media?parent=23720"}],"curies":[{"name":"wp","href":"https:\/\/api.w.org\/{rel}","templated":true}]}}