{"id":23730,"date":"2018-07-27T14:49:02","date_gmt":"2018-07-27T12:49:02","guid":{"rendered":"https:\/\/www.pb-franja.si\/o-muzeju\/projekti\/"},"modified":"2019-10-08T15:41:13","modified_gmt":"2019-10-08T13:41:13","slug":"progetti","status":"publish","type":"page","link":"https:\/\/www.pb-franja.si\/it\/a-proposito-del-museo\/progetti\/","title":{"rendered":"Progetti"},"content":{"rendered":"<div id='av_section_1'  class='avia-section av-av_section-7c51d45cb193ee5453f2d869ba9ea4f1 main_color avia-section-default avia-no-border-styling  avia-builder-el-0  avia-builder-el-no-sibling  avia-bg-style-scroll container_wrap fullsize'  ><div class='container av-section-cont-open' ><main  role=\"main\" itemprop=\"mainContentOfPage\"  class='template-page content  av-content-full alpha units'><div class='post-entry post-entry-type-page post-entry-23730'><div class='entry-content-wrapper clearfix'>\n<section  class='av_textblock_section av-jktarrsc-364128835587881de525ee546375f373 '   itemscope=\"itemscope\" itemtype=\"https:\/\/schema.org\/CreativeWork\" ><div class='avia_textblock'  itemprop=\"text\" ><div class=\"wrap_projekti\"><div class=\"posamezen_projekt\"><h2>My sport is Franja<\/h2><div class=\"imgwrap\"><img decoding=\"async\" src=\"https:\/\/www.pb-franja.si\/wp-content\/uploads\/2018\/08\/3_My_Sport_is_Franja-1.jpg\"><\/div><div class=\"opis\">Z namenom prepoznavanja sporo\u010dilnosti Partizanske bolnice Franje in vrednot kulturne dedi\u0161\u010dine smo kot pridru\u017eeni partnerji pristopili k projektu \u00bbMy sport is Franja\u00ab, namenjenemu povezovanju \u0161porta in kulturne dedi\u0161\u010dine ter promociji skupnih vrednot (solidarnosti, skupinskega dela, tovari\u0161tva, mo\u0161tvenega dela, spo\u0161tovanja razli\u010dnosti). Muzej je v projektu sodeloval kot izvajalec izbranih vsebin. V sklopu promocijskih in prezentacijskih vsebin, povezanih z dedi\u0161\u010dino, smo evropski javnosti predstavljali Partizansko bolnico Franjo in na\u0161o dedi\u0161\u010dino nasploh. Z organizatorji maratona Franja smo podpisali Memorandum o sodelovanju in se vklju\u010dili v iniciativo Cycle 2Heritage, ki prav tako spodbuja povezovanje \u0161porta in kulturne dedi\u0161\u010dine. Leta 2017 je Mestni muzej Idrija s predavanjem sodeloval na \u00bbFranja akademiji\u00ab, kjer smo predstavili na\u0161o kulturno dedi\u0161\u010dino in z njo povezane skupne evropske vrednote, ki so pomembna sti\u010dna to\u010dka \u0161porta in kulturne dedi\u0161\u010dine.<\/div><div class=\"podatki_projekta\"><div class=\"podatek_projekta\"><div class=\"naslov\"><\/div><div class=\"tekst\">iz programa Erasmus+ Sport (programsko podro\u010dje Programi sodelovanja)<\/div><\/div><div class=\"podatek_projekta\"><div class=\"naslov\"><\/div><div class=\"tekst\">1. 1. 2016\u201331. 12. 2017<\/div><\/div><div class=\"podatek_projekta last\"><div class=\"naslov\"><\/div><div class=\"tekst\"><div class=\"partner\">Kolesarsko dru\u0161tvo Rog \u2013 vodilni partner <\/div><div class=\"partner\">Skupnost \u0160port za vse (UISP, Italija) <\/div><div class=\"partner\">\u0160portna zveza Istrske \u017eupanije (Hrva\u0161ka)<\/div><div class=\"partner\">\u0160portna zveza Koro\u0161ke (Avstrija) <\/div><div class=\"partner\">Slova\u0161ka kolesarska zveza <\/div><div class=\"partner\">Mestni muzej Idrija<\/div><\/div><\/div><\/div><div><\/div><\/div><\/div>\n<\/div><\/section>\n\n","protected":false},"excerpt":{"rendered":"","protected":false},"author":7,"featured_media":0,"parent":23694,"menu_order":0,"comment_status":"closed","ping_status":"closed","template":"template-o-muzeju.php","meta":{"_acf_changed":false,"footnotes":""},"class_list":["post-23730","page","type-page","status-publish","hentry"],"acf":[],"yoast_head":"<!-- This site is optimized with the Yoast SEO plugin v26.4 - https:\/\/yoast.com\/wordpress\/plugins\/seo\/ -->\n<title>Progetti - Partizanska bolnica Franja<\/title>\n<meta name=\"description\" content=\"Odkrijte, kako z inovativnimi projekti ter v sodelovanju s partnerji in lokalnim prebivalstvom ohranjamo kulturno dedi\u0161\u010dino na\u0161e regije.\" \/>\n<meta name=\"robots\" content=\"index, follow, max-snippet:-1, max-image-preview:large, max-video-preview:-1\" \/>\n<link rel=\"canonical\" href=\"https:\/\/www.pb-franja.si\/it\/a-proposito-del-museo\/progetti\/\" \/>\n<meta property=\"og:locale\" content=\"it_IT\" \/>\n<meta property=\"og:type\" content=\"article\" \/>\n<meta property=\"og:title\" content=\"Progetti - Partizanska bolnica Franja\" \/>\n<meta property=\"og:description\" content=\"Odkrijte, kako z inovativnimi projekti ter v sodelovanju s partnerji in lokalnim prebivalstvom ohranjamo kulturno dedi\u0161\u010dino na\u0161e regije.\" \/>\n<meta property=\"og:url\" content=\"https:\/\/www.pb-franja.si\/it\/a-proposito-del-museo\/progetti\/\" \/>\n<meta property=\"og:site_name\" content=\"Partizanska bolnica Franja\" \/>\n<meta property=\"article:modified_time\" content=\"2019-10-08T13:41:13+00:00\" \/>\n<meta name=\"twitter:card\" content=\"summary_large_image\" \/>\n<meta name=\"twitter:label1\" content=\"Tempo di lettura stimato\" \/>\n\t<meta name=\"twitter:data1\" content=\"1 minuto\" \/>\n<script type=\"application\/ld+json\" class=\"yoast-schema-graph\">{\"@context\":\"https:\/\/schema.org\",\"@graph\":[{\"@type\":\"WebPage\",\"@id\":\"https:\/\/www.pb-franja.si\/it\/a-proposito-del-museo\/progetti\/\",\"url\":\"https:\/\/www.pb-franja.si\/it\/a-proposito-del-museo\/progetti\/\",\"name\":\"Progetti - Partizanska bolnica Franja\",\"isPartOf\":{\"@id\":\"https:\/\/www.pb-franja.si\/#website\"},\"datePublished\":\"2018-07-27T12:49:02+00:00\",\"dateModified\":\"2019-10-08T13:41:13+00:00\",\"description\":\"Odkrijte, kako z inovativnimi projekti ter v sodelovanju s partnerji in lokalnim prebivalstvom ohranjamo kulturno dedi\u0161\u010dino na\u0161e regije.\",\"breadcrumb\":{\"@id\":\"https:\/\/www.pb-franja.si\/it\/a-proposito-del-museo\/progetti\/#breadcrumb\"},\"inLanguage\":\"it-IT\",\"potentialAction\":[{\"@type\":\"ReadAction\",\"target\":[\"https:\/\/www.pb-franja.si\/it\/a-proposito-del-museo\/progetti\/\"]}]},{\"@type\":\"BreadcrumbList\",\"@id\":\"https:\/\/www.pb-franja.si\/it\/a-proposito-del-museo\/progetti\/#breadcrumb\",\"itemListElement\":[{\"@type\":\"ListItem\",\"position\":1,\"name\":\"Home\",\"item\":\"https:\/\/www.pb-franja.si\/it\/\"},{\"@type\":\"ListItem\",\"position\":2,\"name\":\"A proposito del museo\",\"item\":\"https:\/\/www.pb-franja.si\/it\/a-proposito-del-museo\/\"},{\"@type\":\"ListItem\",\"position\":3,\"name\":\"Progetti\"}]},{\"@type\":\"WebSite\",\"@id\":\"https:\/\/www.pb-franja.si\/#website\",\"url\":\"https:\/\/www.pb-franja.si\/\",\"name\":\"Partizanska bolnica Franja\",\"description\":\"Partizanska bolnica Franja\",\"potentialAction\":[{\"@type\":\"SearchAction\",\"target\":{\"@type\":\"EntryPoint\",\"urlTemplate\":\"https:\/\/www.pb-franja.si\/?s={search_term_string}\"},\"query-input\":{\"@type\":\"PropertyValueSpecification\",\"valueRequired\":true,\"valueName\":\"search_term_string\"}}],\"inLanguage\":\"it-IT\"}]}<\/script>\n<!-- \/ Yoast SEO plugin. -->","yoast_head_json":{"title":"Progetti - Partizanska bolnica Franja","description":"Odkrijte, kako z inovativnimi projekti ter v sodelovanju s partnerji in lokalnim prebivalstvom ohranjamo kulturno dedi\u0161\u010dino na\u0161e regije.","robots":{"index":"index","follow":"follow","max-snippet":"max-snippet:-1","max-image-preview":"max-image-preview:large","max-video-preview":"max-video-preview:-1"},"canonical":"https:\/\/www.pb-franja.si\/it\/a-proposito-del-museo\/progetti\/","og_locale":"it_IT","og_type":"article","og_title":"Progetti - Partizanska bolnica Franja","og_description":"Odkrijte, kako z inovativnimi projekti ter v sodelovanju s partnerji in lokalnim prebivalstvom ohranjamo kulturno dedi\u0161\u010dino na\u0161e regije.","og_url":"https:\/\/www.pb-franja.si\/it\/a-proposito-del-museo\/progetti\/","og_site_name":"Partizanska bolnica Franja","article_modified_time":"2019-10-08T13:41:13+00:00","twitter_card":"summary_large_image","twitter_misc":{"Tempo di lettura stimato":"1 minuto"},"schema":{"@context":"https:\/\/schema.org","@graph":[{"@type":"WebPage","@id":"https:\/\/www.pb-franja.si\/it\/a-proposito-del-museo\/progetti\/","url":"https:\/\/www.pb-franja.si\/it\/a-proposito-del-museo\/progetti\/","name":"Progetti - Partizanska bolnica Franja","isPartOf":{"@id":"https:\/\/www.pb-franja.si\/#website"},"datePublished":"2018-07-27T12:49:02+00:00","dateModified":"2019-10-08T13:41:13+00:00","description":"Odkrijte, kako z inovativnimi projekti ter v sodelovanju s partnerji in lokalnim prebivalstvom ohranjamo kulturno dedi\u0161\u010dino na\u0161e regije.","breadcrumb":{"@id":"https:\/\/www.pb-franja.si\/it\/a-proposito-del-museo\/progetti\/#breadcrumb"},"inLanguage":"it-IT","potentialAction":[{"@type":"ReadAction","target":["https:\/\/www.pb-franja.si\/it\/a-proposito-del-museo\/progetti\/"]}]},{"@type":"BreadcrumbList","@id":"https:\/\/www.pb-franja.si\/it\/a-proposito-del-museo\/progetti\/#breadcrumb","itemListElement":[{"@type":"ListItem","position":1,"name":"Home","item":"https:\/\/www.pb-franja.si\/it\/"},{"@type":"ListItem","position":2,"name":"A proposito del museo","item":"https:\/\/www.pb-franja.si\/it\/a-proposito-del-museo\/"},{"@type":"ListItem","position":3,"name":"Progetti"}]},{"@type":"WebSite","@id":"https:\/\/www.pb-franja.si\/#website","url":"https:\/\/www.pb-franja.si\/","name":"Partizanska bolnica Franja","description":"Partizanska bolnica Franja","potentialAction":[{"@type":"SearchAction","target":{"@type":"EntryPoint","urlTemplate":"https:\/\/www.pb-franja.si\/?s={search_term_string}"},"query-input":{"@type":"PropertyValueSpecification","valueRequired":true,"valueName":"search_term_string"}}],"inLanguage":"it-IT"}]}},"_links":{"self":[{"href":"https:\/\/www.pb-franja.si\/it\/wp-json\/wp\/v2\/pages\/23730","targetHints":{"allow":["GET"]}}],"collection":[{"href":"https:\/\/www.pb-franja.si\/it\/wp-json\/wp\/v2\/pages"}],"about":[{"href":"https:\/\/www.pb-franja.si\/it\/wp-json\/wp\/v2\/types\/page"}],"author":[{"embeddable":true,"href":"https:\/\/www.pb-franja.si\/it\/wp-json\/wp\/v2\/users\/7"}],"replies":[{"embeddable":true,"href":"https:\/\/www.pb-franja.si\/it\/wp-json\/wp\/v2\/comments?post=23730"}],"version-history":[{"count":2,"href":"https:\/\/www.pb-franja.si\/it\/wp-json\/wp\/v2\/pages\/23730\/revisions"}],"predecessor-version":[{"id":25523,"href":"https:\/\/www.pb-franja.si\/it\/wp-json\/wp\/v2\/pages\/23730\/revisions\/25523"}],"up":[{"embeddable":true,"href":"https:\/\/www.pb-franja.si\/it\/wp-json\/wp\/v2\/pages\/23694"}],"wp:attachment":[{"href":"https:\/\/www.pb-franja.si\/it\/wp-json\/wp\/v2\/media?parent=23730"}],"curies":[{"name":"wp","href":"https:\/\/api.w.org\/{rel}","templated":true}]}}