{"id":23740,"date":"2019-06-12T07:39:09","date_gmt":"2019-06-12T05:39:09","guid":{"rendered":"https:\/\/www.pb-franja.si\/o-muzeju\/projekti-eksrp\/"},"modified":"2019-10-08T15:40:53","modified_gmt":"2019-10-08T13:40:53","slug":"progetti-eksrp","status":"publish","type":"page","link":"https:\/\/www.pb-franja.si\/it\/a-proposito-del-museo\/progetti-eksrp\/","title":{"rendered":"Progetti EKSRP"},"content":{"rendered":"<div id='av_section_1'  class='avia-section av-2en73j-89da735ee445a8738821701546fbb9f3 main_color avia-section-default avia-no-border-styling  avia-builder-el-0  avia-builder-el-no-sibling  avia-bg-style-scroll container_wrap fullsize'  ><div class='container av-section-cont-open' ><main  role=\"main\" itemprop=\"mainContentOfPage\"  class='template-page content  av-content-full alpha units'><div class='post-entry post-entry-type-page post-entry-23740'><div class='entry-content-wrapper clearfix'>\n<section  class='av_textblock_section av-jwst01z2-2cd95c3bfdb5da1b70ff49e25fcc6103 '   itemscope=\"itemscope\" itemtype=\"https:\/\/schema.org\/CreativeWork\" ><div class='avia_textblock'  itemprop=\"text\" ><div class=\"wrap_projekti\"><div class=\"posamezen_projekt\"><h2>Franja \u200b\u200b\u200b\u200b\u200b\u200b\u200bnas povezuje<\/h2><div class=\"imgwrap\"><img decoding=\"async\" src=\"https:\/\/www.pb-franja.si\/wp-content\/uploads\/2018\/09\/IMG_3221.jpg\"><\/div><div class=\"opis\">Projekt je promocija evropsko pomembne dedi\u0161\u010dine, povezovanja lokalnih partnerjev in vklju\u010devanja lokalnega prebivalstva pri ohranjanju dedi\u0161\u010dine. Tako kot sta bila med drugo svetovno vojno, v \u010dasu delovanja Partizanske bolnice Franja, klju\u010dna sodelovanje in tesna povezanost osebja bolni\u0161nice z doma\u010dini, tudi v tem projektu aktivno sodelujeta partnerja iz lokalnega okolja (gosti\u0161\u010de, turisti\u010dno dru\u0161tvo). Projektne aktivnosti predvidevajo izdelavo \u0161tudije o prehrani v vojnih razmerah na primeru Partizanske bolnice Franja ter izsledke o jedeh, implementiranih v sodobno ponudbo gosti\u0161\u010da Ga\u010dnk (projektni partner). Ena soba v gosti\u0161\u010du bo urejena kot avtenti\u010dni ambient doma\u010dije, ki je med vojno delovala kot javka Partizanske bolnice Franja (zbirali\u0161\u010de ranjencev pred prenosom v bolni\u0161nico). Na javki se bodo izvajali tematski ve\u010deri, s katerimi \u017eelimo ohranjati tradicijo povojnih sre\u010danj ranjencev in osebja Bolnice Franja, pod okriljem lokalnega turisti\u010dnega dru\u0161tva pa bo izveden podhod \u00bbOd javke do javke\u00ab, ki bo povezal neko\u010d bistvene doma\u010dije za nastanek, obstoj in delovanje bolni\u0161nice med vojno.<\/div><div class=\"podatki_projekta\"><div class=\"podatek_projekta\"><div class=\"naslov\"><\/div><div class=\"tekst\">Iz programa Evropskega kmetijskega sklada za razvoj pode\u017eelja (EKSRP) na podlagi izbora projekta na razpisu Strategije lokalnega razvoja na obmo\u010djih ob\u010din Logatec, Idrija in Cerkno v letu 2016 (LAS s CILjem)<\/div><\/div><div class=\"podatek_projekta\"><div class=\"naslov\"><\/div><div class=\"tekst\">15. 5. 2018\u201331. 5. 2019<\/div><\/div><div class=\"podatek_projekta last\"><div class=\"naslov\"><\/div><div class=\"tekst\"><div class=\"partner\">Mestni muzej Idrija \u2013 vodilni partner <\/div><div class=\"partner\">Peternel in Peternel, gostinstvo in storitve, d. o. o. <\/div><div class=\"partner\">Turisti\u010dno dru\u0161tvo Novaki<\/div><\/div><\/div><\/div><div><p><img loading=\"lazy\" decoding=\"async\" class=\"alignnone wp-image-4174\" src=\"https:\/\/www.muzej-idrija-cerkno.si\/wp-content\/uploads\/2019\/01\/Franja-nas-povezuje.jpg\" alt=\"\" width=\"736\" height=\"182\" srcset=\"https:\/\/www.pb-franja.si\/wp-content\/uploads\/2019\/01\/Franja-nas-povezuje.jpg 3508w, https:\/\/www.pb-franja.si\/wp-content\/uploads\/2019\/01\/Franja-nas-povezuje-300x74.jpg 300w, https:\/\/www.pb-franja.si\/wp-content\/uploads\/2019\/01\/Franja-nas-povezuje-1024x253.jpg 1024w, https:\/\/www.pb-franja.si\/wp-content\/uploads\/2019\/01\/Franja-nas-povezuje-688x170.jpg 688w\" sizes=\"auto, (max-width: 736px) 100vw, 736px\" \/><\/p>\n<p>Za vsebino je odgovoren Mestni muzej Idrija. Organ upravljanja dolo\u010den za izvajanje Programa razvoja pode\u017eelja RS za obdobje\u00a0 2014 \u2013 2020, je Ministrstvo za kmetijstvo, gozdarstvo in prehrano.<\/p>\n<p>Povezava na spletno stran Evropske komisije, namenjene EKSRP (<a href=\"https:\/\/ec.europa.eu\/agriculture\/rural-development-2014-2020_sl\">https:\/\/ec.europa.eu\/agriculture\/rural-development-2014-2020_sl<\/a>) in na spletno stran PRP (<a href=\"https:\/\/www.program-podezelja.si\/sl\/\">https:\/\/www.program-podezelja.si\/sl\/).<\/a><\/p>\n<\/div><\/div><\/div>\n<\/div><\/section>\n\n","protected":false},"excerpt":{"rendered":"","protected":false},"author":7,"featured_media":0,"parent":23694,"menu_order":0,"comment_status":"closed","ping_status":"closed","template":"template-o-muzeju.php","meta":{"_acf_changed":false,"footnotes":""},"class_list":["post-23740","page","type-page","status-publish","hentry"],"acf":[],"yoast_head":"<!-- This site is optimized with the Yoast SEO plugin v26.4 - https:\/\/yoast.com\/wordpress\/plugins\/seo\/ -->\n<title>Progetti EKSRP - Partizanska bolnica Franja<\/title>\n<meta name=\"robots\" content=\"index, follow, max-snippet:-1, max-image-preview:large, max-video-preview:-1\" \/>\n<link rel=\"canonical\" href=\"https:\/\/www.pb-franja.si\/it\/a-proposito-del-museo\/progetti-eksrp\/\" \/>\n<meta property=\"og:locale\" content=\"it_IT\" \/>\n<meta property=\"og:type\" content=\"article\" \/>\n<meta property=\"og:title\" content=\"Progetti EKSRP - Partizanska bolnica Franja\" \/>\n<meta property=\"og:url\" content=\"https:\/\/www.pb-franja.si\/it\/a-proposito-del-museo\/progetti-eksrp\/\" \/>\n<meta property=\"og:site_name\" content=\"Partizanska bolnica Franja\" \/>\n<meta property=\"article:modified_time\" content=\"2019-10-08T13:40:53+00:00\" \/>\n<meta name=\"twitter:card\" content=\"summary_large_image\" \/>\n<meta name=\"twitter:label1\" content=\"Tempo di lettura stimato\" \/>\n\t<meta name=\"twitter:data1\" content=\"1 minuto\" \/>\n<script type=\"application\/ld+json\" class=\"yoast-schema-graph\">{\"@context\":\"https:\/\/schema.org\",\"@graph\":[{\"@type\":\"WebPage\",\"@id\":\"https:\/\/www.pb-franja.si\/it\/a-proposito-del-museo\/progetti-eksrp\/\",\"url\":\"https:\/\/www.pb-franja.si\/it\/a-proposito-del-museo\/progetti-eksrp\/\",\"name\":\"Progetti EKSRP - Partizanska bolnica Franja\",\"isPartOf\":{\"@id\":\"https:\/\/www.pb-franja.si\/#website\"},\"datePublished\":\"2019-06-12T05:39:09+00:00\",\"dateModified\":\"2019-10-08T13:40:53+00:00\",\"breadcrumb\":{\"@id\":\"https:\/\/www.pb-franja.si\/it\/a-proposito-del-museo\/progetti-eksrp\/#breadcrumb\"},\"inLanguage\":\"it-IT\",\"potentialAction\":[{\"@type\":\"ReadAction\",\"target\":[\"https:\/\/www.pb-franja.si\/it\/a-proposito-del-museo\/progetti-eksrp\/\"]}]},{\"@type\":\"BreadcrumbList\",\"@id\":\"https:\/\/www.pb-franja.si\/it\/a-proposito-del-museo\/progetti-eksrp\/#breadcrumb\",\"itemListElement\":[{\"@type\":\"ListItem\",\"position\":1,\"name\":\"Home\",\"item\":\"https:\/\/www.pb-franja.si\/it\/\"},{\"@type\":\"ListItem\",\"position\":2,\"name\":\"A proposito del museo\",\"item\":\"https:\/\/www.pb-franja.si\/it\/a-proposito-del-museo\/\"},{\"@type\":\"ListItem\",\"position\":3,\"name\":\"Progetti EKSRP\"}]},{\"@type\":\"WebSite\",\"@id\":\"https:\/\/www.pb-franja.si\/#website\",\"url\":\"https:\/\/www.pb-franja.si\/\",\"name\":\"Partizanska bolnica Franja\",\"description\":\"Partizanska bolnica Franja\",\"potentialAction\":[{\"@type\":\"SearchAction\",\"target\":{\"@type\":\"EntryPoint\",\"urlTemplate\":\"https:\/\/www.pb-franja.si\/?s={search_term_string}\"},\"query-input\":{\"@type\":\"PropertyValueSpecification\",\"valueRequired\":true,\"valueName\":\"search_term_string\"}}],\"inLanguage\":\"it-IT\"}]}<\/script>\n<!-- \/ Yoast SEO plugin. -->","yoast_head_json":{"title":"Progetti EKSRP - Partizanska bolnica Franja","robots":{"index":"index","follow":"follow","max-snippet":"max-snippet:-1","max-image-preview":"max-image-preview:large","max-video-preview":"max-video-preview:-1"},"canonical":"https:\/\/www.pb-franja.si\/it\/a-proposito-del-museo\/progetti-eksrp\/","og_locale":"it_IT","og_type":"article","og_title":"Progetti EKSRP - Partizanska bolnica Franja","og_url":"https:\/\/www.pb-franja.si\/it\/a-proposito-del-museo\/progetti-eksrp\/","og_site_name":"Partizanska bolnica Franja","article_modified_time":"2019-10-08T13:40:53+00:00","twitter_card":"summary_large_image","twitter_misc":{"Tempo di lettura stimato":"1 minuto"},"schema":{"@context":"https:\/\/schema.org","@graph":[{"@type":"WebPage","@id":"https:\/\/www.pb-franja.si\/it\/a-proposito-del-museo\/progetti-eksrp\/","url":"https:\/\/www.pb-franja.si\/it\/a-proposito-del-museo\/progetti-eksrp\/","name":"Progetti EKSRP - Partizanska bolnica Franja","isPartOf":{"@id":"https:\/\/www.pb-franja.si\/#website"},"datePublished":"2019-06-12T05:39:09+00:00","dateModified":"2019-10-08T13:40:53+00:00","breadcrumb":{"@id":"https:\/\/www.pb-franja.si\/it\/a-proposito-del-museo\/progetti-eksrp\/#breadcrumb"},"inLanguage":"it-IT","potentialAction":[{"@type":"ReadAction","target":["https:\/\/www.pb-franja.si\/it\/a-proposito-del-museo\/progetti-eksrp\/"]}]},{"@type":"BreadcrumbList","@id":"https:\/\/www.pb-franja.si\/it\/a-proposito-del-museo\/progetti-eksrp\/#breadcrumb","itemListElement":[{"@type":"ListItem","position":1,"name":"Home","item":"https:\/\/www.pb-franja.si\/it\/"},{"@type":"ListItem","position":2,"name":"A proposito del museo","item":"https:\/\/www.pb-franja.si\/it\/a-proposito-del-museo\/"},{"@type":"ListItem","position":3,"name":"Progetti EKSRP"}]},{"@type":"WebSite","@id":"https:\/\/www.pb-franja.si\/#website","url":"https:\/\/www.pb-franja.si\/","name":"Partizanska bolnica Franja","description":"Partizanska bolnica Franja","potentialAction":[{"@type":"SearchAction","target":{"@type":"EntryPoint","urlTemplate":"https:\/\/www.pb-franja.si\/?s={search_term_string}"},"query-input":{"@type":"PropertyValueSpecification","valueRequired":true,"valueName":"search_term_string"}}],"inLanguage":"it-IT"}]}},"_links":{"self":[{"href":"https:\/\/www.pb-franja.si\/it\/wp-json\/wp\/v2\/pages\/23740","targetHints":{"allow":["GET"]}}],"collection":[{"href":"https:\/\/www.pb-franja.si\/it\/wp-json\/wp\/v2\/pages"}],"about":[{"href":"https:\/\/www.pb-franja.si\/it\/wp-json\/wp\/v2\/types\/page"}],"author":[{"embeddable":true,"href":"https:\/\/www.pb-franja.si\/it\/wp-json\/wp\/v2\/users\/7"}],"replies":[{"embeddable":true,"href":"https:\/\/www.pb-franja.si\/it\/wp-json\/wp\/v2\/comments?post=23740"}],"version-history":[{"count":2,"href":"https:\/\/www.pb-franja.si\/it\/wp-json\/wp\/v2\/pages\/23740\/revisions"}],"predecessor-version":[{"id":25522,"href":"https:\/\/www.pb-franja.si\/it\/wp-json\/wp\/v2\/pages\/23740\/revisions\/25522"}],"up":[{"embeddable":true,"href":"https:\/\/www.pb-franja.si\/it\/wp-json\/wp\/v2\/pages\/23694"}],"wp:attachment":[{"href":"https:\/\/www.pb-franja.si\/it\/wp-json\/wp\/v2\/media?parent=23740"}],"curies":[{"name":"wp","href":"https:\/\/api.w.org\/{rel}","templated":true}]}}