{"id":23771,"date":"2019-05-23T16:20:00","date_gmt":"2019-05-23T14:20:00","guid":{"rendered":"https:\/\/www.pb-franja.si\/obiscite-nas\/javna-vodstva\/"},"modified":"2019-12-05T09:16:07","modified_gmt":"2019-12-05T08:16:07","slug":"visite-guidate","status":"publish","type":"page","link":"https:\/\/www.pb-franja.si\/it\/visitateci\/visite-guidate\/","title":{"rendered":"Visite guidate"},"content":{"rendered":"\n<style type=\"text\/css\" data-created_by=\"avia_inline_auto\" id=\"style-css-av-330skx-f49256c0d601a2ecc394e25efbf60e60\">\n.flex_column.av-330skx-f49256c0d601a2ecc394e25efbf60e60{\nborder-radius:0px 0px 0px 0px;\npadding:0px 0px 0px 0px;\n}\n<\/style>\n<div  class='flex_column av-330skx-f49256c0d601a2ecc394e25efbf60e60 av_one_full  avia-builder-el-0  avia-builder-el-no-sibling  first flex_column_div av-zero-column-padding  '     ><section  class='av_textblock_section av-jzmdvl2t-f61db37e82fcd3951cc6be850c4dc09b '   itemscope=\"itemscope\" itemtype=\"https:\/\/schema.org\/CreativeWork\" ><div class='avia_textblock'  itemprop=\"text\" ><div class=\"wraqp_programi\"><div class=\"wrap_izleti_list\"><div class=\"entry-content-wrapper clearfix\"><h4 class=\"naslovPrograma\"><\/h4><img decoding=\"async\" class=\"slikaProgram\" src=\"https:\/\/www.pb-franja.si\/wp-content\/uploads\/2018\/07\/Seniori.jpg\"><div class=\"cene_trajanje\"><div class=\"cene_sklopi\"><div class=\"sklop\"><div class=\"cena_vrstica bottom30\"><\/div><p><p>Le visite guidate sono pensate per chiunque voglia conoscere la storia dell&#8217;Ospedale partigiano Franja e ascoltare storie che raccontano di umanit\u00e0 e cameratismo.<\/p>\n<\/p><br><p><p>Le visite guidate sono possibili per i gruppi organizzati che hanno prenotato e durano circa 90 minuti. Sono disponibili in sloveno, inglese e italiano. Le guide adattano il contenuto della spiegazione all&#8217;et\u00e0 dei bambini o dei ragazzi e presentano ai visitatori le storie e le attivit\u00e0 di questo ospedale segreto. Tramite le testimonianze del personale medico e dei feriti, gli trasmettono il messaggio principale di Franja. Libert\u00e0, uguaglianza, amicizia, solidariet\u00e0, umanit\u00e0 e altri valori sono importanti anche oggi, sebbene si viva in tempo di pace.<\/p>\n<p>Tutti i dettagli della visita sono concordati al momento della prenotazione.<\/p>\n<\/p><\/div><div class=\"dodatni_kontakt kontakt_vstopnice\"><div class=\"sidebarheading brownH3\">Prenotazione<\/div><div class=\"\"><a class=\"link_telefon kontaktlink\" href=\"tel:0038653723180\" target=\"_blank\">+386 (0)5 37 231 80<\/a><a class=\"link_email kontaktlink\" href=\"mailto:info@muzej-idrija-cerkno.si\" target=\"_blank\">info@muzej-idrija-cerkno.si<\/a><\/div><\/div><\/div><\/div><\/div><\/div><\/div>\n<\/div><\/section><\/div>\n","protected":false},"excerpt":{"rendered":"","protected":false},"author":7,"featured_media":13817,"parent":23750,"menu_order":0,"comment_status":"closed","ping_status":"closed","template":"template-obiscite_nas.php","meta":{"_acf_changed":false,"footnotes":""},"class_list":["post-23771","page","type-page","status-publish","has-post-thumbnail","hentry"],"acf":[],"yoast_head":"<!-- This site is optimized with the Yoast SEO plugin v26.4 - https:\/\/yoast.com\/wordpress\/plugins\/seo\/ -->\n<title>Visite guidate - Partizanska bolnica Franja<\/title>\n<meta name=\"robots\" content=\"index, follow, max-snippet:-1, max-image-preview:large, max-video-preview:-1\" \/>\n<link rel=\"canonical\" href=\"https:\/\/www.pb-franja.si\/it\/visitateci\/visite-guidate\/\" \/>\n<meta property=\"og:locale\" content=\"it_IT\" \/>\n<meta property=\"og:type\" content=\"article\" \/>\n<meta property=\"og:title\" content=\"Visite guidate - Partizanska bolnica Franja\" \/>\n<meta property=\"og:url\" content=\"https:\/\/www.pb-franja.si\/it\/visitateci\/visite-guidate\/\" \/>\n<meta property=\"og:site_name\" content=\"Partizanska bolnica Franja\" \/>\n<meta property=\"article:modified_time\" content=\"2019-12-05T08:16:07+00:00\" \/>\n<meta property=\"og:image\" content=\"https:\/\/www.pb-franja.si\/wp-content\/uploads\/2018\/12\/IMG_3223.jpg\" \/>\n\t<meta property=\"og:image:width\" content=\"1920\" \/>\n\t<meta property=\"og:image:height\" content=\"1280\" \/>\n\t<meta property=\"og:image:type\" content=\"image\/jpeg\" \/>\n<meta name=\"twitter:card\" content=\"summary_large_image\" \/>\n<meta name=\"twitter:label1\" content=\"Tempo di lettura stimato\" \/>\n\t<meta name=\"twitter:data1\" content=\"1 minuto\" \/>\n<script type=\"application\/ld+json\" class=\"yoast-schema-graph\">{\"@context\":\"https:\/\/schema.org\",\"@graph\":[{\"@type\":\"WebPage\",\"@id\":\"https:\/\/www.pb-franja.si\/it\/visitateci\/visite-guidate\/\",\"url\":\"https:\/\/www.pb-franja.si\/it\/visitateci\/visite-guidate\/\",\"name\":\"Visite guidate - Partizanska bolnica Franja\",\"isPartOf\":{\"@id\":\"https:\/\/www.pb-franja.si\/#website\"},\"primaryImageOfPage\":{\"@id\":\"https:\/\/www.pb-franja.si\/it\/visitateci\/visite-guidate\/#primaryimage\"},\"image\":{\"@id\":\"https:\/\/www.pb-franja.si\/it\/visitateci\/visite-guidate\/#primaryimage\"},\"thumbnailUrl\":\"https:\/\/www.pb-franja.si\/wp-content\/uploads\/2018\/12\/IMG_3223.jpg\",\"datePublished\":\"2019-05-23T14:20:00+00:00\",\"dateModified\":\"2019-12-05T08:16:07+00:00\",\"breadcrumb\":{\"@id\":\"https:\/\/www.pb-franja.si\/it\/visitateci\/visite-guidate\/#breadcrumb\"},\"inLanguage\":\"it-IT\",\"potentialAction\":[{\"@type\":\"ReadAction\",\"target\":[\"https:\/\/www.pb-franja.si\/it\/visitateci\/visite-guidate\/\"]}]},{\"@type\":\"ImageObject\",\"inLanguage\":\"it-IT\",\"@id\":\"https:\/\/www.pb-franja.si\/it\/visitateci\/visite-guidate\/#primaryimage\",\"url\":\"https:\/\/www.pb-franja.si\/wp-content\/uploads\/2018\/12\/IMG_3223.jpg\",\"contentUrl\":\"https:\/\/www.pb-franja.si\/wp-content\/uploads\/2018\/12\/IMG_3223.jpg\",\"width\":1920,\"height\":1280},{\"@type\":\"BreadcrumbList\",\"@id\":\"https:\/\/www.pb-franja.si\/it\/visitateci\/visite-guidate\/#breadcrumb\",\"itemListElement\":[{\"@type\":\"ListItem\",\"position\":1,\"name\":\"Home\",\"item\":\"https:\/\/www.pb-franja.si\/it\/\"},{\"@type\":\"ListItem\",\"position\":2,\"name\":\"Visitateci\",\"item\":\"https:\/\/www.pb-franja.si\/it\/visitateci\/\"},{\"@type\":\"ListItem\",\"position\":3,\"name\":\"Visite guidate\"}]},{\"@type\":\"WebSite\",\"@id\":\"https:\/\/www.pb-franja.si\/#website\",\"url\":\"https:\/\/www.pb-franja.si\/\",\"name\":\"Partizanska bolnica Franja\",\"description\":\"Partizanska bolnica Franja\",\"potentialAction\":[{\"@type\":\"SearchAction\",\"target\":{\"@type\":\"EntryPoint\",\"urlTemplate\":\"https:\/\/www.pb-franja.si\/?s={search_term_string}\"},\"query-input\":{\"@type\":\"PropertyValueSpecification\",\"valueRequired\":true,\"valueName\":\"search_term_string\"}}],\"inLanguage\":\"it-IT\"}]}<\/script>\n<!-- \/ Yoast SEO plugin. -->","yoast_head_json":{"title":"Visite guidate - Partizanska bolnica Franja","robots":{"index":"index","follow":"follow","max-snippet":"max-snippet:-1","max-image-preview":"max-image-preview:large","max-video-preview":"max-video-preview:-1"},"canonical":"https:\/\/www.pb-franja.si\/it\/visitateci\/visite-guidate\/","og_locale":"it_IT","og_type":"article","og_title":"Visite guidate - Partizanska bolnica Franja","og_url":"https:\/\/www.pb-franja.si\/it\/visitateci\/visite-guidate\/","og_site_name":"Partizanska bolnica Franja","article_modified_time":"2019-12-05T08:16:07+00:00","og_image":[{"width":1920,"height":1280,"url":"https:\/\/www.pb-franja.si\/wp-content\/uploads\/2018\/12\/IMG_3223.jpg","type":"image\/jpeg"}],"twitter_card":"summary_large_image","twitter_misc":{"Tempo di lettura stimato":"1 minuto"},"schema":{"@context":"https:\/\/schema.org","@graph":[{"@type":"WebPage","@id":"https:\/\/www.pb-franja.si\/it\/visitateci\/visite-guidate\/","url":"https:\/\/www.pb-franja.si\/it\/visitateci\/visite-guidate\/","name":"Visite guidate - Partizanska bolnica Franja","isPartOf":{"@id":"https:\/\/www.pb-franja.si\/#website"},"primaryImageOfPage":{"@id":"https:\/\/www.pb-franja.si\/it\/visitateci\/visite-guidate\/#primaryimage"},"image":{"@id":"https:\/\/www.pb-franja.si\/it\/visitateci\/visite-guidate\/#primaryimage"},"thumbnailUrl":"https:\/\/www.pb-franja.si\/wp-content\/uploads\/2018\/12\/IMG_3223.jpg","datePublished":"2019-05-23T14:20:00+00:00","dateModified":"2019-12-05T08:16:07+00:00","breadcrumb":{"@id":"https:\/\/www.pb-franja.si\/it\/visitateci\/visite-guidate\/#breadcrumb"},"inLanguage":"it-IT","potentialAction":[{"@type":"ReadAction","target":["https:\/\/www.pb-franja.si\/it\/visitateci\/visite-guidate\/"]}]},{"@type":"ImageObject","inLanguage":"it-IT","@id":"https:\/\/www.pb-franja.si\/it\/visitateci\/visite-guidate\/#primaryimage","url":"https:\/\/www.pb-franja.si\/wp-content\/uploads\/2018\/12\/IMG_3223.jpg","contentUrl":"https:\/\/www.pb-franja.si\/wp-content\/uploads\/2018\/12\/IMG_3223.jpg","width":1920,"height":1280},{"@type":"BreadcrumbList","@id":"https:\/\/www.pb-franja.si\/it\/visitateci\/visite-guidate\/#breadcrumb","itemListElement":[{"@type":"ListItem","position":1,"name":"Home","item":"https:\/\/www.pb-franja.si\/it\/"},{"@type":"ListItem","position":2,"name":"Visitateci","item":"https:\/\/www.pb-franja.si\/it\/visitateci\/"},{"@type":"ListItem","position":3,"name":"Visite guidate"}]},{"@type":"WebSite","@id":"https:\/\/www.pb-franja.si\/#website","url":"https:\/\/www.pb-franja.si\/","name":"Partizanska bolnica Franja","description":"Partizanska bolnica Franja","potentialAction":[{"@type":"SearchAction","target":{"@type":"EntryPoint","urlTemplate":"https:\/\/www.pb-franja.si\/?s={search_term_string}"},"query-input":{"@type":"PropertyValueSpecification","valueRequired":true,"valueName":"search_term_string"}}],"inLanguage":"it-IT"}]}},"_links":{"self":[{"href":"https:\/\/www.pb-franja.si\/it\/wp-json\/wp\/v2\/pages\/23771","targetHints":{"allow":["GET"]}}],"collection":[{"href":"https:\/\/www.pb-franja.si\/it\/wp-json\/wp\/v2\/pages"}],"about":[{"href":"https:\/\/www.pb-franja.si\/it\/wp-json\/wp\/v2\/types\/page"}],"author":[{"embeddable":true,"href":"https:\/\/www.pb-franja.si\/it\/wp-json\/wp\/v2\/users\/7"}],"replies":[{"embeddable":true,"href":"https:\/\/www.pb-franja.si\/it\/wp-json\/wp\/v2\/comments?post=23771"}],"version-history":[{"count":2,"href":"https:\/\/www.pb-franja.si\/it\/wp-json\/wp\/v2\/pages\/23771\/revisions"}],"predecessor-version":[{"id":27789,"href":"https:\/\/www.pb-franja.si\/it\/wp-json\/wp\/v2\/pages\/23771\/revisions\/27789"}],"up":[{"embeddable":true,"href":"https:\/\/www.pb-franja.si\/it\/wp-json\/wp\/v2\/pages\/23750"}],"wp:featuredmedia":[{"embeddable":true,"href":"https:\/\/www.pb-franja.si\/it\/wp-json\/wp\/v2\/media\/13817"}],"wp:attachment":[{"href":"https:\/\/www.pb-franja.si\/it\/wp-json\/wp\/v2\/media?parent=23771"}],"curies":[{"name":"wp","href":"https:\/\/api.w.org\/{rel}","templated":true}]}}