{"id":23791,"date":"2019-05-23T11:19:37","date_gmt":"2019-05-23T09:19:37","guid":{"rendered":"https:\/\/www.pb-franja.si\/obiscite-nas\/urnik\/"},"modified":"2023-07-21T10:00:09","modified_gmt":"2023-07-21T08:00:09","slug":"orario-dapertura","status":"publish","type":"page","link":"https:\/\/www.pb-franja.si\/it\/visitateci\/orario-dapertura\/","title":{"rendered":"Orari di apertura"},"content":{"rendered":"<div id='av_section_1'  class='avia-section av-2kd2ha-db8b7a3fc9917809cdee5f38eeff5a06 main_color avia-section-default avia-no-border-styling  avia-builder-el-0  avia-builder-el-no-sibling  avia-bg-style-scroll container_wrap fullsize'  ><div class='container av-section-cont-open' ><main  role=\"main\" itemprop=\"mainContentOfPage\"  class='template-page content  av-content-full alpha units'><div class='post-entry post-entry-type-page post-entry-23791'><div class='entry-content-wrapper clearfix'>\n<section  class='av_textblock_section av-jw7dpdoy-618cd409a27d72f4c9e2d35e7720b7ae '   itemscope=\"itemscope\" itemtype=\"https:\/\/schema.org\/CreativeWork\" ><div class='avia_textblock'  itemprop=\"text\" ><h2 id=\"tw-target-text\" class=\"tw-data-text tw-text-large tw-ta\" dir=\"ltr\" data-placeholder=\"Prevod\"><span style=\"color: #ff0000;\">CHIUSO a causa di danni causati dalla tempesta, 13. 7. 2023.<\/span><\/h2>\n<div class=\"odpiralni_cas\">\n<h3><\/h3>\n<h3 class=\"naslov_nakup\">Orari di apertura<\/h3>\n<div class=\"ogledsection\">\n<div class=\"ogledcontent odpiralnicas\">\n<div class=\"odpiralnicas_row\"><strong>Dal 1\u00b0 aprile al 30 settembre ogni giorno: <\/strong> 9:00 &#8211; 18:00<\/div>\n<div class=\"odpiralnicas_row\"><strong>Dal 1\u00b0 ottobre al 31 ottobre ogni giorno: <\/strong> 9:00-16:00<\/div>\n<div class=\"odpiralnicas_row\"><strong>Dal 1\u00b0 novembre al 31 marzo: <\/strong>per gruppi, su appuntamento<\/div>\n<div class=\"odpiralnicas_row\">\n<pre id=\"tw-target-text\" class=\"tw-data-text tw-text-large tw-ta\" dir=\"ltr\" data-placeholder=\"Prevod\"><span lang=\"it\" tabindex=\"0\">\u00a0<\/span><\/pre>\n<\/div>\n<\/div>\n<\/div>\n<\/div>\n<\/div><\/section>\n<section  class='av_textblock_section av-jw7dpdoy-5799437d2cb9e76ee898b656896884ca '   itemscope=\"itemscope\" itemtype=\"https:\/\/schema.org\/CreativeWork\" ><div class='avia_textblock ogled_tb'  itemprop=\"text\" ><h3>Visita<\/h3>\n<p>La gola Pasice si trova a 10 minuti a piedi dal parcheggio.\u00a0 Il sentiero costeggia il piccolo fiume attraverso scale e ballatoi.\u00a0 Lungo il sentiero ci sono cartelli informativi sia in sloveno che in inglese.\u00a0 Le visite di gruppi organizzati sono possibili con il pagamento di un supplemento e devono essere prenotate in anticipo.\u00a0 Sono ammessi gruppi composti da un massimo di 50 persone. I gruppi pi\u00f9 grandi vengono suddivisi in due o pi\u00f9 gruppi. Si raccomanda di indossare calzature adatte (scarpe da ginnastica o da trekking). L&#8217;ospedale Franja non \u00e8 accessibile alle persone disabili. I cani sono i benvenuti, ma devono essere tenuti al guinzaglio.<\/p>\n<\/div><\/section>\n<section  class='av_textblock_section av-jz14vkey-ae9ac0078ad43735d8008a100114fdf0 '   itemscope=\"itemscope\" itemtype=\"https:\/\/schema.org\/CreativeWork\" ><div class='avia_textblock'  itemprop=\"text\" ><br><div class=\"dodatni_kontakt kontakt_vstopnice\"><div class=\"sidebarheading brownH3\">Contatti<\/div><div class=\"\"><a class=\"link_telefon kontaktlink\" href=\"tel:0038653723180\" target=\"_blank\">+386 (0)5 37 231 80<\/a><a class=\"link_email kontaktlink\" href=\"mailto:info@muzej-idrija-cerkno.si\" target=\"_blank\">info@muzej-idrija-cerkno.si<\/a><\/div><\/div>\n<\/div><\/section>\n\n","protected":false},"excerpt":{"rendered":"","protected":false},"author":7,"featured_media":0,"parent":23750,"menu_order":0,"comment_status":"closed","ping_status":"closed","template":"template-obiscite_nas.php","meta":{"_acf_changed":false,"footnotes":""},"class_list":["post-23791","page","type-page","status-publish","hentry"],"acf":[],"yoast_head":"<!-- This site is optimized with the Yoast SEO plugin v26.4 - https:\/\/yoast.com\/wordpress\/plugins\/seo\/ -->\n<title>Orari di apertura - Partizanska bolnica Franja<\/title>\n<meta name=\"robots\" content=\"index, follow, max-snippet:-1, max-image-preview:large, max-video-preview:-1\" \/>\n<link rel=\"canonical\" href=\"https:\/\/www.pb-franja.si\/it\/visitateci\/orario-dapertura\/\" \/>\n<meta property=\"og:locale\" content=\"it_IT\" \/>\n<meta property=\"og:type\" content=\"article\" \/>\n<meta property=\"og:title\" content=\"Orari di apertura - Partizanska bolnica Franja\" \/>\n<meta property=\"og:url\" content=\"https:\/\/www.pb-franja.si\/it\/visitateci\/orario-dapertura\/\" \/>\n<meta property=\"og:site_name\" content=\"Partizanska bolnica Franja\" \/>\n<meta property=\"article:modified_time\" content=\"2023-07-21T08:00:09+00:00\" \/>\n<meta name=\"twitter:card\" content=\"summary_large_image\" \/>\n<meta name=\"twitter:label1\" content=\"Tempo di lettura stimato\" \/>\n\t<meta name=\"twitter:data1\" content=\"2 minuti\" \/>\n<script type=\"application\/ld+json\" class=\"yoast-schema-graph\">{\"@context\":\"https:\/\/schema.org\",\"@graph\":[{\"@type\":\"WebPage\",\"@id\":\"https:\/\/www.pb-franja.si\/it\/visitateci\/orario-dapertura\/\",\"url\":\"https:\/\/www.pb-franja.si\/it\/visitateci\/orario-dapertura\/\",\"name\":\"Orari di apertura - Partizanska bolnica Franja\",\"isPartOf\":{\"@id\":\"https:\/\/www.pb-franja.si\/#website\"},\"datePublished\":\"2019-05-23T09:19:37+00:00\",\"dateModified\":\"2023-07-21T08:00:09+00:00\",\"breadcrumb\":{\"@id\":\"https:\/\/www.pb-franja.si\/it\/visitateci\/orario-dapertura\/#breadcrumb\"},\"inLanguage\":\"it-IT\",\"potentialAction\":[{\"@type\":\"ReadAction\",\"target\":[\"https:\/\/www.pb-franja.si\/it\/visitateci\/orario-dapertura\/\"]}]},{\"@type\":\"BreadcrumbList\",\"@id\":\"https:\/\/www.pb-franja.si\/it\/visitateci\/orario-dapertura\/#breadcrumb\",\"itemListElement\":[{\"@type\":\"ListItem\",\"position\":1,\"name\":\"Home\",\"item\":\"https:\/\/www.pb-franja.si\/it\/\"},{\"@type\":\"ListItem\",\"position\":2,\"name\":\"Visitateci\",\"item\":\"https:\/\/www.pb-franja.si\/it\/visitateci\/\"},{\"@type\":\"ListItem\",\"position\":3,\"name\":\"Orari di apertura\"}]},{\"@type\":\"WebSite\",\"@id\":\"https:\/\/www.pb-franja.si\/#website\",\"url\":\"https:\/\/www.pb-franja.si\/\",\"name\":\"Partizanska bolnica Franja\",\"description\":\"Partizanska bolnica Franja\",\"potentialAction\":[{\"@type\":\"SearchAction\",\"target\":{\"@type\":\"EntryPoint\",\"urlTemplate\":\"https:\/\/www.pb-franja.si\/?s={search_term_string}\"},\"query-input\":{\"@type\":\"PropertyValueSpecification\",\"valueRequired\":true,\"valueName\":\"search_term_string\"}}],\"inLanguage\":\"it-IT\"}]}<\/script>\n<!-- \/ Yoast SEO plugin. -->","yoast_head_json":{"title":"Orari di apertura - Partizanska bolnica Franja","robots":{"index":"index","follow":"follow","max-snippet":"max-snippet:-1","max-image-preview":"max-image-preview:large","max-video-preview":"max-video-preview:-1"},"canonical":"https:\/\/www.pb-franja.si\/it\/visitateci\/orario-dapertura\/","og_locale":"it_IT","og_type":"article","og_title":"Orari di apertura - Partizanska bolnica Franja","og_url":"https:\/\/www.pb-franja.si\/it\/visitateci\/orario-dapertura\/","og_site_name":"Partizanska bolnica Franja","article_modified_time":"2023-07-21T08:00:09+00:00","twitter_card":"summary_large_image","twitter_misc":{"Tempo di lettura stimato":"2 minuti"},"schema":{"@context":"https:\/\/schema.org","@graph":[{"@type":"WebPage","@id":"https:\/\/www.pb-franja.si\/it\/visitateci\/orario-dapertura\/","url":"https:\/\/www.pb-franja.si\/it\/visitateci\/orario-dapertura\/","name":"Orari di apertura - Partizanska bolnica Franja","isPartOf":{"@id":"https:\/\/www.pb-franja.si\/#website"},"datePublished":"2019-05-23T09:19:37+00:00","dateModified":"2023-07-21T08:00:09+00:00","breadcrumb":{"@id":"https:\/\/www.pb-franja.si\/it\/visitateci\/orario-dapertura\/#breadcrumb"},"inLanguage":"it-IT","potentialAction":[{"@type":"ReadAction","target":["https:\/\/www.pb-franja.si\/it\/visitateci\/orario-dapertura\/"]}]},{"@type":"BreadcrumbList","@id":"https:\/\/www.pb-franja.si\/it\/visitateci\/orario-dapertura\/#breadcrumb","itemListElement":[{"@type":"ListItem","position":1,"name":"Home","item":"https:\/\/www.pb-franja.si\/it\/"},{"@type":"ListItem","position":2,"name":"Visitateci","item":"https:\/\/www.pb-franja.si\/it\/visitateci\/"},{"@type":"ListItem","position":3,"name":"Orari di apertura"}]},{"@type":"WebSite","@id":"https:\/\/www.pb-franja.si\/#website","url":"https:\/\/www.pb-franja.si\/","name":"Partizanska bolnica Franja","description":"Partizanska bolnica Franja","potentialAction":[{"@type":"SearchAction","target":{"@type":"EntryPoint","urlTemplate":"https:\/\/www.pb-franja.si\/?s={search_term_string}"},"query-input":{"@type":"PropertyValueSpecification","valueRequired":true,"valueName":"search_term_string"}}],"inLanguage":"it-IT"}]}},"_links":{"self":[{"href":"https:\/\/www.pb-franja.si\/it\/wp-json\/wp\/v2\/pages\/23791","targetHints":{"allow":["GET"]}}],"collection":[{"href":"https:\/\/www.pb-franja.si\/it\/wp-json\/wp\/v2\/pages"}],"about":[{"href":"https:\/\/www.pb-franja.si\/it\/wp-json\/wp\/v2\/types\/page"}],"author":[{"embeddable":true,"href":"https:\/\/www.pb-franja.si\/it\/wp-json\/wp\/v2\/users\/7"}],"replies":[{"embeddable":true,"href":"https:\/\/www.pb-franja.si\/it\/wp-json\/wp\/v2\/comments?post=23791"}],"version-history":[{"count":17,"href":"https:\/\/www.pb-franja.si\/it\/wp-json\/wp\/v2\/pages\/23791\/revisions"}],"predecessor-version":[{"id":29461,"href":"https:\/\/www.pb-franja.si\/it\/wp-json\/wp\/v2\/pages\/23791\/revisions\/29461"}],"up":[{"embeddable":true,"href":"https:\/\/www.pb-franja.si\/it\/wp-json\/wp\/v2\/pages\/23750"}],"wp:attachment":[{"href":"https:\/\/www.pb-franja.si\/it\/wp-json\/wp\/v2\/media?parent=23791"}],"curies":[{"name":"wp","href":"https:\/\/api.w.org\/{rel}","templated":true}]}}