{"id":23897,"date":"2019-06-19T10:33:26","date_gmt":"2019-06-19T08:33:26","guid":{"rendered":"https:\/\/www.pb-franja.si\/spoznajte-franjo\/zdravili-so-se-v-franji\/"},"modified":"2019-12-05T13:21:37","modified_gmt":"2019-12-05T12:21:37","slug":"vennero-curati-a-franja","status":"publish","type":"page","link":"https:\/\/www.pb-franja.si\/it\/incontra-franja\/vennero-curati-a-franja\/","title":{"rendered":"Vennero curati a Franja"},"content":{"rendered":"\n<style type=\"text\/css\" data-created_by=\"avia_inline_auto\" id=\"style-css-av-5j3ry3-1dda363ef68d979c25ffbdca299e2c06\">\n.avia-section.av-5j3ry3-1dda363ef68d979c25ffbdca299e2c06{\nbackground-repeat:no-repeat;\nbackground-image:url(https:\/\/www.pb-franja.si\/wp-content\/uploads\/2019\/08\/Spoznajte_franjo_hero.png);\nbackground-position:0% 0%;\nbackground-attachment:scroll;\n}\n<\/style>\n<div id='av_section_1'  class='avia-section av-5j3ry3-1dda363ef68d979c25ffbdca299e2c06 main_color avia-section-default avia-no-border-styling  avia-builder-el-0  el_before_av_section  avia-builder-el-first  header header-hero header-top-menu-padding avia-bg-style-scroll container_wrap fullsize'  data-section-bg-repeat='no-repeat'><div class='container av-section-cont-open' ><main  role=\"main\" itemprop=\"mainContentOfPage\"  class='template-page content  av-content-full alpha units'><div class='post-entry post-entry-type-page post-entry-23897'><div class='entry-content-wrapper clearfix'>\n\n<style type=\"text\/css\" data-created_by=\"avia_inline_auto\" id=\"style-css-av-4p4dx7-db41fa3e278c014545a751811d67fa88\">\n.flex_column.av-4p4dx7-db41fa3e278c014545a751811d67fa88{\nborder-radius:0px 0px 0px 0px;\npadding:0px 0px 0px 0px;\n}\n<\/style>\n<div  class='flex_column av-4p4dx7-db41fa3e278c014545a751811d67fa88 av_two_fifth  avia-builder-el-1  el_before_av_three_fifth  avia-builder-el-first  first flex_column_div av-zero-column-padding  '     ><section  class='av_textblock_section av-jyfuiai8-2d8897adc96af613b83dd37e6176dc34 '   itemscope=\"itemscope\" itemtype=\"https:\/\/schema.org\/CreativeWork\" ><div class='avia_textblock'  itemprop=\"text\" ><h1>Vennero curati a Franja<\/h1>\n<\/div><\/section><br \/>\n<section  class='av_textblock_section av-jyfuigxh-dc424332caa6cd1057256041199ee8f4 '   itemscope=\"itemscope\" itemtype=\"https:\/\/schema.org\/CreativeWork\" ><div class='avia_textblock'  itemprop=\"text\" ><p>L&#8217;ospedale, che ospit\u00f2 soprattutto partigiani feriti o malati, non neg\u00f2 mai aiuto ai civili. In tutti i reparti dell&#8217;ospedale Franja furono ricoverati quasi 900 feriti provenienti da nazioni diverse; la maggior parte fu sistemata nel reparto centrale ubicato nella gola di Pasica (sezione B). Di l\u00ec, in molti furono poi ricoverati in reparti esterni dove era pi\u00f9 facile accogliere feriti e malati.Tra i ricoverati a Franja solo il 6% erano donne. In base alla documentazione disponibile ci furono 83 morti.<\/p>\n<\/div><\/section><\/p><\/div>\n<style type=\"text\/css\" data-created_by=\"avia_inline_auto\" id=\"style-css-av-22417f-bbf1a4817e9e6afcc5a31dfba0e16fd5\">\n.flex_column.av-22417f-bbf1a4817e9e6afcc5a31dfba0e16fd5{\nborder-radius:0px 0px 0px 0px;\npadding:0px 0px 0px 0px;\n}\n<\/style>\n<div  class='flex_column av-22417f-bbf1a4817e9e6afcc5a31dfba0e16fd5 av_three_fifth  avia-builder-el-4  el_after_av_two_fifth  avia-builder-el-last  flex_column_div av-zero-column-padding  '     ><style type=\"text\/css\" data-created_by=\"avia_inline_auto\" id=\"style-css-av-jyfuh9js-1573de8aecb6da29199d7f3bdf6fb069\">\n.avia-image-container.av-jyfuh9js-1573de8aecb6da29199d7f3bdf6fb069 img.avia_image{\nbox-shadow:none;\n}\n.avia-image-container.av-jyfuh9js-1573de8aecb6da29199d7f3bdf6fb069 .av-image-caption-overlay-center{\ncolor:#ffffff;\n}\n<\/style>\n<div  class='avia-image-container av-jyfuh9js-1573de8aecb6da29199d7f3bdf6fb069 av-styling- avia-align-center  avia-builder-el-5  avia-builder-el-no-sibling '   itemprop=\"image\" itemscope=\"itemscope\" itemtype=\"https:\/\/schema.org\/ImageObject\" ><div class=\"avia-image-container-inner\"><div class=\"avia-image-overlay-wrap\"><img fetchpriority=\"high\" class='wp-image-24010 avia-img-lazy-loading-not-24010 avia_image ' src='https:\/\/www.pb-franja.si\/wp-content\/uploads\/2019\/09\/5526_C-3_Dvorisce_Pb_Franje_julij_1944-1.jpg' alt='' title='5526,_C-3_Dvorisce_Pb_Franje,_julij_1944'  height=\"622\" width=\"617\"  itemprop=\"thumbnailUrl\"  \/><\/div><\/div><\/div><\/div>\n\n<\/div><\/div><\/main><!-- close content main element --><\/div><\/div><div id='av_section_2'  class='avia-section av-7e8m4b-175afd4d45779c62721ee3e65b884d96 main_color avia-section-default avia-no-border-styling  avia-builder-el-6  el_after_av_section  el_before_av_section  avia-bg-style-scroll container_wrap fullsize'  ><div class='container av-section-cont-open' ><div class='template-page content  av-content-full alpha units'><div class='post-entry post-entry-type-page post-entry-23897'><div class='entry-content-wrapper clearfix'>\n\n<style type=\"text\/css\" data-created_by=\"avia_inline_auto\" id=\"style-css-av-61lhzv-57981019ca7d0c390cc7c1880dd6df22\">\n.flex_column.av-61lhzv-57981019ca7d0c390cc7c1880dd6df22{\nborder-radius:0px 0px 0px 0px;\npadding:0px 0px 0px 0px;\n}\n<\/style>\n<div  class='flex_column av-61lhzv-57981019ca7d0c390cc7c1880dd6df22 av_three_fifth  avia-builder-el-7  el_before_av_two_fifth  avia-builder-el-first  zgodbe_vsebina_div first flex_column_div av-zero-column-padding  '     ><section  class='av_textblock_section av-jyfv7vry-c8e6ffe205e97d2161d3d1806ceca9da '   itemscope=\"itemscope\" itemtype=\"https:\/\/schema.org\/CreativeWork\" ><div class='avia_textblock'  itemprop=\"text\" ><div class=\"ow_tabs_wrap ow_tabs_post_archive\" style=\"margin-top:40px\"><p class=\"ow_tab_link first active\" style=\"height:80px; \">Storie dei feriti<\/p><a class=\"ow_tab_link\" href=\"https:\/\/www.pb-franja.si\/it\/incontra-franja\/vennero-curati-a-franja\/motore-di-ricerca-dei-feriti\/\" style=\"height:80px; \">Elenco dei feriti<\/a><\/div>\n<\/div><\/section><\/div>\n<style type=\"text\/css\" data-created_by=\"avia_inline_auto\" id=\"style-css-av-2l89fv-845ba0bceee66fdc9f2ba9a7e36ff9b1\">\n.flex_column.av-2l89fv-845ba0bceee66fdc9f2ba9a7e36ff9b1{\nborder-radius:0px 0px 0px 0px;\npadding:0px 0px 0px 0px;\n}\n<\/style>\n<div  class='flex_column av-2l89fv-845ba0bceee66fdc9f2ba9a7e36ff9b1 av_two_fifth  avia-builder-el-9  el_after_av_three_fifth  el_before_av_three_fifth  flex_column_div av-zero-column-padding  '     ><\/div>\n<style type=\"text\/css\" data-created_by=\"avia_inline_auto\" id=\"style-css-av-61lhzv-57981019ca7d0c390cc7c1880dd6df22\">\n.flex_column.av-61lhzv-57981019ca7d0c390cc7c1880dd6df22{\nborder-radius:0px 0px 0px 0px;\npadding:0px 0px 0px 0px;\n}\n<\/style>\n<div  class='flex_column av-61lhzv-57981019ca7d0c390cc7c1880dd6df22 av_three_fifth  avia-builder-el-10  el_after_av_two_fifth  el_before_av_two_fifth  zgodbe_vsebina_div first flex_column_div av-zero-column-padding  '     ><p><section  class='av_textblock_section av-jxoiezv8-33ffff24f52c278fcc571d620fdea410 '   itemscope=\"itemscope\" itemtype=\"https:\/\/schema.org\/CreativeWork\" ><div class='avia_textblock zgodbe_naslov'  itemprop=\"text\" ><p>Leggi le storie dei feriti<\/p>\n<\/div><\/section><br \/>\n<section  class='av_textblock_section av-jxoifh03-2e59c040ac9a485fe91cd3e9a8119c8f '   itemscope=\"itemscope\" itemtype=\"https:\/\/schema.org\/CreativeWork\" ><div class='avia_textblock zgodbe_besedilo'  itemprop=\"text\" ><p>Le testimonianze delle persone che furono curate a Franja raccontano storie di sofferenza, collaborazione, coraggio e desiderio di libert\u00e0, che per i giovani allora significava tutto. Nel desiderare la libert\u00e0 erano tutti uguali, non importava il loro stato sociale, n\u00e9 la loro nazionalit\u00e0.<\/p>\n<\/div><\/section><\/p><\/div>\n<style type=\"text\/css\" data-created_by=\"avia_inline_auto\" id=\"style-css-av-2l89fv-11f880bc7efdf69af6bfee7add923c0d\">\n.flex_column.av-2l89fv-11f880bc7efdf69af6bfee7add923c0d{\nborder-radius:0px 0px 0px 0px;\npadding:0px 0px 0px 0px;\n}\n<\/style>\n<div  class='flex_column av-2l89fv-11f880bc7efdf69af6bfee7add923c0d av_two_fifth  avia-builder-el-13  el_after_av_three_fifth  el_before_av_three_fifth  zgodbe_sidebar_div flex_column_div av-zero-column-padding  '     ><section  class='av_textblock_section av-2vfmqz-0a588cf817a24c4229d5556495872a5f '   itemscope=\"itemscope\" itemtype=\"https:\/\/schema.org\/CreativeWork\" ><div class='avia_textblock'  itemprop=\"text\" ><aside id=\"singlelocside\" class=\"sidebar sidebar_right  alpha units padding_top0\" role=\"complementary\" itemscope=\"itemscope\" itemtype=\"https:\/\/schema.org\/WPSideBar\"><div class=\"inner_sidebar extralight-border padding_top0\"><div class=\"sidebar-bg-dark\"><div class=\"sidebar-title light-text\">Elenco del personale<\/div><div class=\"sidebar-inner-image sidebar-text-css\"><p>Cerca <u><a href=\"https:\/\/www.pb-franja.si\/it\/incontra-franja\/lavoravano-a-franja\/elenco-del-personale\/\">nell&#8217;elenco del personale <\/a><\/u>che lavorava a Franja.<\/p>\n<\/div><\/div><\/div><\/aside>\n<\/div><\/section><\/div>\n<style type=\"text\/css\" data-created_by=\"avia_inline_auto\" id=\"style-css-av-jm1ior-1722bd7c3657cd54dae2bd1c57ddec78\">\n.flex_column.av-jm1ior-1722bd7c3657cd54dae2bd1c57ddec78{\nborder-radius:0px 0px 0px 0px;\npadding:0px 0px 0px 0px;\n}\n<\/style>\n<div  class='flex_column av-jm1ior-1722bd7c3657cd54dae2bd1c57ddec78 av_three_fifth  avia-builder-el-15  el_after_av_two_fifth  avia-builder-el-last  first flex_column_div av-zero-column-padding  '     ><section  class='av_textblock_section av-jxoiicfa-c1d40b5a333f8c1d0d472a06b089dea7 '   itemscope=\"itemscope\" itemtype=\"https:\/\/schema.org\/CreativeWork\" ><div class='avia_textblock zgodbeFranja'  itemprop=\"text\" ><div><div for=13168 class=\"okvirZgodbe posamezni_predmet\"><div><img decoding=\"async\" src=\"https:\/\/www.pb-franja.si\/wp-content\/uploads\/2019\/06\/Jean_Chevalier-1-420x420.jpg\" width=\"427\"><\/div><p class=\"okvirZgodbeP1\">Chevalier, Jean Baptiste (Francia)<\/p><p class=\"okvirZgodbeP2\"><\/p><\/div><div for=13177 class=\"okvirZgodbe posamezni_predmet\"><div><img decoding=\"async\" src=\"https:\/\/www.pb-franja.si\/wp-content\/uploads\/2019\/06\/Adams.png\" width=\"427\"><\/div><p class=\"okvirZgodbeP1\">Adams, Harold C. (Stati Uniti)<\/p><p class=\"okvirZgodbeP2\"><\/p><\/div><div for=13186 class=\"okvirZgodbe posamezni_predmet\"><div><img decoding=\"async\" src=\"https:\/\/www.pb-franja.si\/wp-content\/uploads\/2019\/05\/18_PBF_1050-420x420.jpg\" width=\"427\"><\/div><p class=\"okvirZgodbeP1\">Rappel, Vili<\/p><p class=\"okvirZgodbeP2\"><\/p><\/div><div for=13204 class=\"okvirZgodbe posamezni_predmet\"><div><img decoding=\"async\" src=\"https:\/\/www.pb-franja.si\/wp-content\/uploads\/2019\/07\/Rino-Blasigh.png\" width=\"427\"><\/div><p class=\"okvirZgodbeP1\">Blasigh, Rino ( Italia)<\/p><p class=\"okvirZgodbeP2\"><\/p><\/div><div for=13213 class=\"okvirZgodbe posamezni_predmet\"><div><img decoding=\"async\" src=\"https:\/\/www.pb-franja.si\/wp-content\/uploads\/2019\/07\/Franc_Likar.png\" width=\"427\"><\/div><p class=\"okvirZgodbeP1\">Likar, Franc \u2013 Rafael<\/p><p class=\"okvirZgodbeP2\"><\/p><\/div><div for=13223 class=\"okvirZgodbe posamezni_predmet\"><div><img decoding=\"async\" src=\"https:\/\/www.pb-franja.si\/wp-content\/uploads\/2019\/07\/Zdenka_Kavcic.png\" width=\"427\"><\/div><p class=\"okvirZgodbeP1\">Kav\u010di\u010d, Zdenka<\/p><p class=\"okvirZgodbeP2\"><\/p><\/div><div for=13232 class=\"okvirZgodbe posamezni_predmet\"><div><img decoding=\"async\" src=\"https:\/\/www.pb-franja.si\/wp-content\/uploads\/2019\/07\/Marja_Justin_Grosar.png\" width=\"427\"><\/div><p class=\"okvirZgodbeP1\">Grosar, Marjan Justin<\/p><p class=\"okvirZgodbeP2\"><\/p><\/div><div for=13241 class=\"okvirZgodbe posamezni_predmet\"><div><img decoding=\"async\" src=\"https:\/\/www.pb-franja.si\/wp-content\/uploads\/2019\/07\/Ziva_Kraigher.png\" width=\"427\"><\/div><p class=\"okvirZgodbeP1\">Kraigher, \u017diva<\/p><p class=\"okvirZgodbeP2\"><\/p><\/div><div for=13250 class=\"okvirZgodbe posamezni_predmet\"><div><img decoding=\"async\" src=\"https:\/\/www.pb-franja.si\/wp-content\/uploads\/2019\/06\/Soba_za_ranjence-420x420.jpg\" width=\"427\"><\/div><p class=\"okvirZgodbeP1\">Bili\u0107, Salih (Bosnia e Herzegovina)<\/p><p class=\"okvirZgodbeP2\"><\/p><\/div><div for=13262 class=\"okvirZgodbe posamezni_predmet\"><div><img decoding=\"async\" src=\"https:\/\/www.pb-franja.si\/wp-content\/uploads\/2019\/06\/Mirko_Janezek-420x420.jpg\" width=\"427\"><\/div><p class=\"okvirZgodbeP1\">Kolenc, Janez<\/p><p class=\"okvirZgodbeP2\"><\/p><\/div><div for=13271 class=\"okvirZgodbe posamezni_predmet\"><div><img decoding=\"async\" src=\"https:\/\/www.pb-franja.si\/wp-content\/uploads\/2019\/06\/Mirko-in-Janezek-1-420x420.jpg\" width=\"427\"><\/div><p class=\"okvirZgodbeP1\">Toplikar, Mirko<\/p><p class=\"okvirZgodbeP2\"><\/p><\/div><div for=13280 class=\"okvirZgodbe posamezni_predmet\"><div><img decoding=\"async\" src=\"https:\/\/www.pb-franja.si\/wp-content\/uploads\/2019\/06\/Slavko_Fon_Andrej-420x386.jpg\" width=\"427\"><\/div><p class=\"okvirZgodbeP1\">Fon, Slavko \u2013 Andrej<\/p><p class=\"okvirZgodbeP2\"><\/p><\/div><\/div>\n\n<div class=\"ow_popup\">\n<div class=\"scroller\">\n<div class=\"closepopup\"><\/div>\n\n<div class=\"innerpopup\">\n<div class=\"popup_predmet\" id=\"popup_predmet13280\"><div class=\"nazivzbirke\"><\/div><div class=\"nazivpredmeta\">Fon, Slavko \u2013 Andrej<\/div><div class=\"vsebinaZgodbe\"><section  class='av_textblock_section av-jy8lamb1-75e79500c4382bb99da74580fecf3bb7 '   itemscope=\"itemscope\" itemtype=\"https:\/\/schema.org\/CreativeWork\" ><div class='avia_textblock'  itemprop=\"text\" ><p><strong>Slavko prese parte al trasporto dei feriti dell&#8217;agosto del 1944.<\/strong><\/p>\n<p>Era il corriere della XXX divisione e nel gennaio del 1944 fu ferito in battaglia contro i tedeschi presso Lokovec. Rimase in ospedale per molto tempo. All&#8217;inizio lo sistemarono nel reparto centrale dell&#8217;ospedale Franja, ma a causa di una grave infezione l&#8217;indomani fu dislocato a Podnjiv\u010d: in quel periodo l&#8217;ospedale non possedeva alcun reparto di isolamento. Scongiurato il pericolo, fu condotto nuovamente alla gola. Durante l&#8217;evacuazione dell&#8217;ospedale dell&#8217;aprile del 1944 fu ricoverato nel reparto A a Cerkljanski vrh. Tenne il gesso a una gamba per oltre un mese. In giugno, quando i feriti poterono tornare alla gola, spostarono anche Slavko. Potendo camminare, il tempo trascorse pi\u00f9 in fretta. Aiutava a riarrotolare i bendaggi sterilizzati e lavati poich\u00e9 potessero essere nuovamente usati, e nel tempo libero intagliava pezzi di scacchi. All&#8217;inizio di agosto, insieme ad altri feriti gravi ma in grado di reggere un lungo viaggio, fu scelto per essere dislocato negli ospedali alleati nell&#8217;Italia meridionale.<\/p>\n<p>Si trattava di un&#8217;azione dello stato maggiore delle truppe partigiane e del IX corpo, atta ad evacuare i feriti dall&#8217;area controllata dal corpo in Carniola. All&#8217;azione presero parte 3000 combattenti.\u00a0 Dall&#8217;ospedale Pavla furono evacuati 48 feriti, da Franja 31. Il tragitto da Cerkno si dirigeva verso \u017delin, attraversava Krnice fino a Vojsko e infine toccava la Selva di Tarnova, Predmeja, Otlica, Col e Podkraj. La parte pi\u00f9 pericolosa del viaggio fu l&#8217;attraversamento della linea ferroviaria a Ravbarkomanda. Slavko era nel primo gruppo di dieci feriti che attraversarono la linea ferroviaria a cavallo. Il cavallo davanti a lui urt\u00f2 le rotaie con gli zoccoli e il rumore risuon\u00f2. Subito dopo si sentirono gli spari: la ferrovia era sottoposta a un controllo serrato. Fortunatamente, tutto il gruppo riusc\u00ec ad attraversare la linea senza essere visto. La destinazione finale del difficile viaggio era l&#8217;aeroporto Nadlesk a Lo\u0161ka Dolina, ma al loro arrivo lo trovarono abbandonato a causa degli attacchi: il gruppo fu costretto a continuare il cammino. Con i carri portarono i feriti attraverso Babno polje, Prezid e \u010caber fino a Ko\u010devski Rog. All&#8217;inizio di settembre riuscirono finalmente a volare dalla Bela Krajina verso Bari.<\/p>\n<p>Nella fotografia:\u00a0 I feriti sul campo di Nadlesk, dove si trovava l&#8217;aeroporto partigiano.<\/p>\n<\/div><\/section>\n<\/div><div><p>&nbsp<\/p><\/div><center class=\"okvirokvirokvir\"><img decoding=\"async\" loading=\"lazy\" width=\"517\" height=\"386\" src=\"https:\/\/www.pb-franja.si\/wp-content\/uploads\/2019\/06\/Slavko_Fon_Andrej.jpg\" class=\"wp-image-21920 avia-img-lazy-loading-21920 attachment-post-thumbnail size-post-thumbnail wp-post-image\" alt=\"\" srcset=\"https:\/\/www.pb-franja.si\/wp-content\/uploads\/2019\/06\/Slavko_Fon_Andrej.jpg 517w, https:\/\/www.pb-franja.si\/wp-content\/uploads\/2019\/06\/Slavko_Fon_Andrej-300x224.jpg 300w\" sizes=\"auto, (max-width: 517px) 100vw, 517px\" \/><\/center><\/div>\n<\/div>\n<\/div>\n<\/div>\n\n\n<\/div><\/section><\/div><\/div><\/div><\/div><!-- close content main div --><\/div><\/div>\n<style type=\"text\/css\" data-created_by=\"avia_inline_auto\" id=\"style-css-av-9sw1i3-0039ff1f3ea8452b54532fd8c8839a67\">\n.avia-section.av-9sw1i3-0039ff1f3ea8452b54532fd8c8839a67{\nbackground-repeat:no-repeat;\nbackground-image:url(https:\/\/www.pb-franja.si\/wp-content\/uploads\/2019\/07\/Ali_veste.png);\nbackground-position:50% 50%;\nbackground-attachment:scroll;\n}\n<\/style>\n<div id='av_section_3'  class='avia-section av-9sw1i3-0039ff1f3ea8452b54532fd8c8839a67 main_color avia-section-default avia-no-border-styling avia-bg-style-scroll container_wrap fullsize'  data-section-bg-repeat='no-repeat'><div class='container av-section-cont-open' ><div class='template-page content  av-content-full alpha units'><div class='post-entry post-entry-type-page post-entry-23897'><div class='entry-content-wrapper clearfix'>\n\n<style type=\"text\/css\" data-created_by=\"avia_inline_auto\" id=\"style-css-av-4ry71n-a03b813baccc169ce5ba885d59db2ed4\">\n.flex_column.av-4ry71n-a03b813baccc169ce5ba885d59db2ed4{\nborder-radius:0px 0px 0px 0px;\npadding:0px 0px 0px 0px;\n}\n<\/style>\n<div  class='flex_column av-4ry71n-a03b813baccc169ce5ba885d59db2ed4 av_one_full first flex_column_div av-zero-column-padding  '     ><section  class='av_textblock_section av-2l2otn-bd92e61f455c8e263c4ccb14ff804fa0 '   itemscope=\"itemscope\" itemtype=\"https:\/\/schema.org\/CreativeWork\" ><div class='avia_textblock'  itemprop=\"text\" ><div id=\"ali-veste\"><div class=\"container\"><div class=\"content\"><div class=\"ali-veste-wrap\"><div class=\"av_one_fourth first\"><div class=\"ali-veste-title\">Lo sapevate?<\/div><\/div><div class=\"av_three_fourth\"><div class=\"ali-veste-text\"><\/div><\/div><\/div><\/div><\/div><\/div>\n<\/div><\/section><\/div>\n<\/p>\n<\/div><\/div><\/div><!-- close content main div --><\/div><\/div><div id='av_section_4'  class='avia-section av-9sw1i3-902a2e7abd37b9db713baf85f7cbfd78 main_color avia-section-default avia-no-border-styling avia-bg-style-scroll container_wrap fullsize'  ><div class='container av-section-cont-open' ><div class='template-page content  av-content-full alpha units'><div class='post-entry post-entry-type-page post-entry-23897'><div class='entry-content-wrapper clearfix'>\n\n<style type=\"text\/css\" data-created_by=\"avia_inline_auto\" id=\"style-css-av-4ry71n-a03b813baccc169ce5ba885d59db2ed4\">\n.flex_column.av-4ry71n-a03b813baccc169ce5ba885d59db2ed4{\nborder-radius:0px 0px 0px 0px;\npadding:0px 0px 0px 0px;\n}\n<\/style>\n<div  class='flex_column av-4ry71n-a03b813baccc169ce5ba885d59db2ed4 av_one_full first flex_column_div av-zero-column-padding  '     ><section  class='av_textblock_section av-2l2otn-bd92e61f455c8e263c4ccb14ff804fa0 '   itemscope=\"itemscope\" itemtype=\"https:\/\/schema.org\/CreativeWork\" ><div class='avia_textblock'  itemprop=\"text\" ><center><h3><\/h3><\/center><div class=\"wrap_zgodbe_front bgedelements greybgs\"><div class=\"av_one_third first\"><a href=\"\" class=\"imagewrap\"><img decoding=\"async\" src=\"\"><div class=\"bgplustextwrap\"><div class=\"textdiv\"><\/div><\/div><\/div><\/a><div class=\"av_one_third \"><a href=\"\" class=\"imagewrap\"><img decoding=\"async\" src=\"\"><div class=\"bgplustextwrap\"><div class=\"textdiv\"><\/div><\/div><\/div><\/a><div class=\"av_one_third \"><a href=\"\" class=\"imagewrap\"><img decoding=\"async\" src=\"\"><div class=\"bgplustextwrap\"><div class=\"textdiv\"><\/div><\/div><\/div><\/a><\/div>\n<\/div><\/section><\/div>\n\n","protected":false},"excerpt":{"rendered":"","protected":false},"author":7,"featured_media":0,"parent":23821,"menu_order":0,"comment_status":"closed","ping_status":"closed","template":"","meta":{"_acf_changed":false,"footnotes":""},"class_list":["post-23897","page","type-page","status-publish","hentry"],"acf":[],"yoast_head":"<!-- This site is optimized with the Yoast SEO plugin v26.4 - https:\/\/yoast.com\/wordpress\/plugins\/seo\/ -->\n<title>Vennero curati a Franja - Partizanska bolnica Franja<\/title>\n<meta name=\"robots\" content=\"index, follow, max-snippet:-1, max-image-preview:large, max-video-preview:-1\" \/>\n<link rel=\"canonical\" href=\"https:\/\/www.pb-franja.si\/it\/incontra-franja\/vennero-curati-a-franja\/\" \/>\n<meta property=\"og:locale\" content=\"it_IT\" \/>\n<meta property=\"og:type\" content=\"article\" \/>\n<meta property=\"og:title\" content=\"Vennero curati a Franja - Partizanska bolnica Franja\" \/>\n<meta property=\"og:url\" content=\"https:\/\/www.pb-franja.si\/it\/incontra-franja\/vennero-curati-a-franja\/\" \/>\n<meta property=\"og:site_name\" content=\"Partizanska bolnica Franja\" \/>\n<meta property=\"article:modified_time\" content=\"2019-12-05T12:21:37+00:00\" \/>\n<meta name=\"twitter:card\" content=\"summary_large_image\" \/>\n<meta name=\"twitter:label1\" content=\"Tempo di lettura stimato\" \/>\n\t<meta name=\"twitter:data1\" content=\"9 minuti\" \/>\n<script type=\"application\/ld+json\" class=\"yoast-schema-graph\">{\"@context\":\"https:\/\/schema.org\",\"@graph\":[{\"@type\":\"WebPage\",\"@id\":\"https:\/\/www.pb-franja.si\/it\/incontra-franja\/vennero-curati-a-franja\/\",\"url\":\"https:\/\/www.pb-franja.si\/it\/incontra-franja\/vennero-curati-a-franja\/\",\"name\":\"Vennero curati a Franja - Partizanska bolnica Franja\",\"isPartOf\":{\"@id\":\"https:\/\/www.pb-franja.si\/#website\"},\"datePublished\":\"2019-06-19T08:33:26+00:00\",\"dateModified\":\"2019-12-05T12:21:37+00:00\",\"breadcrumb\":{\"@id\":\"https:\/\/www.pb-franja.si\/it\/incontra-franja\/vennero-curati-a-franja\/#breadcrumb\"},\"inLanguage\":\"it-IT\",\"potentialAction\":[{\"@type\":\"ReadAction\",\"target\":[\"https:\/\/www.pb-franja.si\/it\/incontra-franja\/vennero-curati-a-franja\/\"]}]},{\"@type\":\"BreadcrumbList\",\"@id\":\"https:\/\/www.pb-franja.si\/it\/incontra-franja\/vennero-curati-a-franja\/#breadcrumb\",\"itemListElement\":[{\"@type\":\"ListItem\",\"position\":1,\"name\":\"Home\",\"item\":\"https:\/\/www.pb-franja.si\/it\/\"},{\"@type\":\"ListItem\",\"position\":2,\"name\":\"Incontra Franja\",\"item\":\"https:\/\/www.pb-franja.si\/it\/incontra-franja\/\"},{\"@type\":\"ListItem\",\"position\":3,\"name\":\"Vennero curati a Franja\"}]},{\"@type\":\"WebSite\",\"@id\":\"https:\/\/www.pb-franja.si\/#website\",\"url\":\"https:\/\/www.pb-franja.si\/\",\"name\":\"Partizanska bolnica Franja\",\"description\":\"Partizanska bolnica Franja\",\"potentialAction\":[{\"@type\":\"SearchAction\",\"target\":{\"@type\":\"EntryPoint\",\"urlTemplate\":\"https:\/\/www.pb-franja.si\/?s={search_term_string}\"},\"query-input\":{\"@type\":\"PropertyValueSpecification\",\"valueRequired\":true,\"valueName\":\"search_term_string\"}}],\"inLanguage\":\"it-IT\"}]}<\/script>\n<!-- \/ Yoast SEO plugin. -->","yoast_head_json":{"title":"Vennero curati a Franja - Partizanska bolnica Franja","robots":{"index":"index","follow":"follow","max-snippet":"max-snippet:-1","max-image-preview":"max-image-preview:large","max-video-preview":"max-video-preview:-1"},"canonical":"https:\/\/www.pb-franja.si\/it\/incontra-franja\/vennero-curati-a-franja\/","og_locale":"it_IT","og_type":"article","og_title":"Vennero curati a Franja - Partizanska bolnica Franja","og_url":"https:\/\/www.pb-franja.si\/it\/incontra-franja\/vennero-curati-a-franja\/","og_site_name":"Partizanska bolnica Franja","article_modified_time":"2019-12-05T12:21:37+00:00","twitter_card":"summary_large_image","twitter_misc":{"Tempo di lettura stimato":"9 minuti"},"schema":{"@context":"https:\/\/schema.org","@graph":[{"@type":"WebPage","@id":"https:\/\/www.pb-franja.si\/it\/incontra-franja\/vennero-curati-a-franja\/","url":"https:\/\/www.pb-franja.si\/it\/incontra-franja\/vennero-curati-a-franja\/","name":"Vennero curati a Franja - Partizanska bolnica Franja","isPartOf":{"@id":"https:\/\/www.pb-franja.si\/#website"},"datePublished":"2019-06-19T08:33:26+00:00","dateModified":"2019-12-05T12:21:37+00:00","breadcrumb":{"@id":"https:\/\/www.pb-franja.si\/it\/incontra-franja\/vennero-curati-a-franja\/#breadcrumb"},"inLanguage":"it-IT","potentialAction":[{"@type":"ReadAction","target":["https:\/\/www.pb-franja.si\/it\/incontra-franja\/vennero-curati-a-franja\/"]}]},{"@type":"BreadcrumbList","@id":"https:\/\/www.pb-franja.si\/it\/incontra-franja\/vennero-curati-a-franja\/#breadcrumb","itemListElement":[{"@type":"ListItem","position":1,"name":"Home","item":"https:\/\/www.pb-franja.si\/it\/"},{"@type":"ListItem","position":2,"name":"Incontra Franja","item":"https:\/\/www.pb-franja.si\/it\/incontra-franja\/"},{"@type":"ListItem","position":3,"name":"Vennero curati a Franja"}]},{"@type":"WebSite","@id":"https:\/\/www.pb-franja.si\/#website","url":"https:\/\/www.pb-franja.si\/","name":"Partizanska bolnica Franja","description":"Partizanska bolnica Franja","potentialAction":[{"@type":"SearchAction","target":{"@type":"EntryPoint","urlTemplate":"https:\/\/www.pb-franja.si\/?s={search_term_string}"},"query-input":{"@type":"PropertyValueSpecification","valueRequired":true,"valueName":"search_term_string"}}],"inLanguage":"it-IT"}]}},"_links":{"self":[{"href":"https:\/\/www.pb-franja.si\/it\/wp-json\/wp\/v2\/pages\/23897","targetHints":{"allow":["GET"]}}],"collection":[{"href":"https:\/\/www.pb-franja.si\/it\/wp-json\/wp\/v2\/pages"}],"about":[{"href":"https:\/\/www.pb-franja.si\/it\/wp-json\/wp\/v2\/types\/page"}],"author":[{"embeddable":true,"href":"https:\/\/www.pb-franja.si\/it\/wp-json\/wp\/v2\/users\/7"}],"replies":[{"embeddable":true,"href":"https:\/\/www.pb-franja.si\/it\/wp-json\/wp\/v2\/comments?post=23897"}],"version-history":[{"count":13,"href":"https:\/\/www.pb-franja.si\/it\/wp-json\/wp\/v2\/pages\/23897\/revisions"}],"predecessor-version":[{"id":27900,"href":"https:\/\/www.pb-franja.si\/it\/wp-json\/wp\/v2\/pages\/23897\/revisions\/27900"}],"up":[{"embeddable":true,"href":"https:\/\/www.pb-franja.si\/it\/wp-json\/wp\/v2\/pages\/23821"}],"wp:attachment":[{"href":"https:\/\/www.pb-franja.si\/it\/wp-json\/wp\/v2\/media?parent=23897"}],"curies":[{"name":"wp","href":"https:\/\/api.w.org\/{rel}","templated":true}]}}